{"id":846,"date":"2021-01-26T20:06:48","date_gmt":"2021-01-26T19:06:48","guid":{"rendered":"https:\/\/gpsites.co\/new-site\/?page_id=846"},"modified":"2024-09-09T17:22:44","modified_gmt":"2024-09-09T15:22:44","slug":"notre-histoire","status":"publish","type":"page","link":"https:\/\/boreagreenawards.com\/index.php\/notre-histoire\/","title":{"rendered":"Notre histoire"},"content":{"rendered":"<div class=\"gb-container gb-container-cbcd585a\">\n\n<h1 class=\"gb-headline gb-headline-a9658ea4 gb-headline-text\"><strong>NOTRE<\/strong><br>HISTOIRE<\/h1>\n\n\n<div class=\"gb-container gb-container-ff832609\">\n<div class=\"gb-grid-wrapper gb-grid-wrapper-2e97bd90\">\n<div class=\"gb-grid-column gb-grid-column-f1aaed1b\"><div class=\"gb-container gb-container-f1aaed1b\"><div class=\"gb-inside-container\">\n\n<p><strong>L\u2019\u00e9nergie au c\u0153ur de l\u2019humain.<\/strong> Telle est la devise de borea, sp\u00e9cialiste du recrutement dans <strong>les \u00e9nergies renouvelables.<\/strong> <\/p>\n\n\n\n<p>Chaque ann\u00e9e, nous rencontrons des <strong>acteurs engag\u00e9s<\/strong> qui \u0153uvrent au quotidien pour un avenir plus <strong>durable.<\/strong> C\u2019est leur d\u00e9termination et leur passion qui nous ont inspir\u00e9s pour cr\u00e9er les <strong>borea green awards.<\/strong> Les borea green awards d\u00e9cernent chaque ann\u00e9e trois prix pour reconna\u00eetre et r\u00e9compenser <strong>l\u2019engagement environnemental.<\/strong> Ces prix, t\u00e9moins de l\u2019importance de la durabilit\u00e9 et de la responsabilit\u00e9 sociale, mettent en lumi\u00e8re les <strong>initiatives innovantes<\/strong> des entreprises qui ont un <strong>impact positif<\/strong> sur notre environnement.<\/p>\n\n\n\n<p>Nous sommes convaincus de l\u2019importance de mettre <strong>l\u2019\u00e9nergie humaine<\/strong> au c\u0153ur de notre activit\u00e9. Chaque personne constitue <strong>un moteur essentiel <\/strong>\u00e0 la construction d\u2019un monde plus durable. Les laur\u00e9ats des borea green awards sont d\u00e9sign\u00e9s de mani\u00e8re rigoureuse, en tenant compte de plusieurs crit\u00e8res cl\u00e9s que sont <strong>l&rsquo;engagement, l&rsquo;efficacit\u00e9 et l&rsquo;\u00e9volutivit\u00e9 de leurs actions environnementales.<\/strong><\/p>\n\n\n\n<p><strong>Rejoignez-nous<\/strong> lors de la prochaine c\u00e9r\u00e9monie des borea green awards. Ensemble, nous pouvons construire <strong>un avenir durable et prosp\u00e8re<\/strong> pour les g\u00e9n\u00e9rations futures.<\/p>\n\n<\/div><\/div><\/div>\n\n<div class=\"gb-grid-column gb-grid-column-fa16ffff\"><div class=\"gb-container gb-container-fa16ffff\"><div class=\"gb-inside-container\">\n\n<figure class=\"wp-block-gallery has-nested-images columns-default is-cropped wp-block-gallery-1 is-layout-flex wp-block-gallery-is-layout-flex\"><\/figure>\n\n\n\n<div style=\"height:484px\" aria-hidden=\"true\" class=\"wp-block-spacer\"><\/div>\n\n\n\n<h2 class=\"wp-block-heading has-base-3-color has-text-color has-small-font-size\">Lancement de la premi\u00e8re C\u00e9r\u00e9monie des borea green awards, <br>au Ch\u00e2teau   Grattequina \u00e0 Bordeaux le 20 juin 2023.<\/h2>\n\n<\/div><\/div><\/div>\n<\/div>\n<\/div>\n<\/div>\n\n<div class=\"gb-container gb-container-fa7f9ba0\">\n<div class=\"gb-container gb-container-cc2f303b\">\n<div class=\"gb-grid-wrapper gb-grid-wrapper-7bc45bbd\">\n<div class=\"gb-grid-column gb-grid-column-85fa702f\"><div class=\"gb-container gb-container-85fa702f\">\n<div class=\"gb-container gb-container-30e5d0e1\">\n\n<h2 class=\"gb-headline gb-headline-4928b282 gb-headline-text\"><strong><strong>Michel-Henri Valette<\/strong><\/strong><\/h2>\n\n\n\n<h2 class=\"gb-headline gb-headline-8dba9227 gb-headline-text\">Directeur Associ\u00e9 borea<\/h2>\n\n<\/div>\n\n\n<p class=\"gb-headline gb-headline-3ebb4951 gb-headline-text\"><\/p>\n\n<\/div><\/div>\n\n<div class=\"gb-grid-column gb-grid-column-f0ed073d\"><div class=\"gb-container gb-container-f0ed073d\">\n<div class=\"gb-container gb-container-7460a0db\">\n\n<h2 class=\"gb-headline gb-headline-4ec5e0be gb-headline-text\"><strong>Jean-Philippe Burtin<\/strong><\/h2>\n\n\n\n<h2 class=\"gb-headline gb-headline-038ecc55 gb-headline-text\">CEO borea<\/h2>\n\n<\/div>\n\n\n<p class=\"gb-headline gb-headline-1dfe7ad8 gb-headline-text\"><\/p>\n\n<\/div><\/div>\n\n<div class=\"gb-grid-column gb-grid-column-937d1ec1\"><div class=\"gb-container gb-container-937d1ec1\">\n<div class=\"gb-container gb-container-5e339565\">\n\n<h2 class=\"gb-headline gb-headline-b728991a gb-headline-text\"><strong>Patricia Roche<\/strong><\/h2>\n\n\n\n<h2 class=\"gb-headline gb-headline-1692b045 gb-headline-text\">Assistante de direction,<br>Charg\u00e9e de mission RSE<\/h2>\n\n<\/div>\n\n\n<p class=\"gb-headline gb-headline-13588915 gb-headline-text\"><\/p>\n\n<\/div><\/div>\n<\/div>\n<\/div>\n<div class=\"gb-shapes\"><div class=\"gb-shape gb-shape-1\"><svg xmlns=\"http:\/\/www.w3.org\/2000\/svg\" viewBox=\"0 0 1200 194.3\" preserveAspectRatio=\"none\"><path d=\"M1200 133.3l-50 8.9c-50 8.6-150 26.9-250 31.1-100 4.2-200-4.2-300-26.7S400 89.2 300 62.2C200 35.8 100 17.5 50 8.9L0 0v194.3h1200v-61z\"\/><\/svg><\/div><\/div><\/div>","protected":false},"excerpt":{"rendered":"<p>NOTREHISTOIRE<\/p>\n","protected":false},"author":1,"featured_media":0,"parent":0,"menu_order":0,"comment_status":"closed","ping_status":"closed","template":"","meta":{"footnotes":""},"class_list":["post-846","page","type-page","status-publish"],"yoast_head":"<!-- This site is optimized with the Yoast SEO plugin v27.1.1 - https:\/\/yoast.com\/product\/yoast-seo-wordpress\/ -->\n<title>Notre histoire - borea green awards<\/title>\n<meta name=\"description\" content=\"Les borea green awards r\u00e9compensent des acteurs cl\u00e9s de la transition \u00e9nerg\u00e9tique et des \u00e9nergies renouvelables.\" \/>\n<meta name=\"robots\" content=\"index, follow, max-snippet:-1, max-image-preview:large, max-video-preview:-1\" \/>\n<link rel=\"canonical\" href=\"https:\/\/boreagreenawards.com\/index.php\/notre-histoire\/\" \/>\n<meta property=\"og:locale\" content=\"fr_FR\" \/>\n<meta property=\"og:type\" content=\"article\" \/>\n<meta property=\"og:title\" content=\"Notre histoire - borea green awards\" \/>\n<meta property=\"og:description\" content=\"Les borea green awards r\u00e9compensent des acteurs cl\u00e9s de la transition \u00e9nerg\u00e9tique et des \u00e9nergies renouvelables.\" \/>\n<meta property=\"og:url\" content=\"https:\/\/boreagreenawards.com\/index.php\/notre-histoire\/\" \/>\n<meta property=\"og:site_name\" content=\"borea green awards\" \/>\n<meta property=\"article:modified_time\" content=\"2024-09-09T15:22:44+00:00\" \/>\n<meta property=\"og:image\" content=\"https:\/\/boreagreenawards.com\/wp-content\/uploads\/2023\/10\/cropped-bga-vert-et-bleu-or-min.webp\" \/>\n\t<meta property=\"og:image:width\" content=\"1919\" \/>\n\t<meta property=\"og:image:height\" content=\"1080\" \/>\n\t<meta property=\"og:image:type\" content=\"image\/webp\" \/>\n<meta name=\"twitter:card\" content=\"summary_large_image\" \/>\n<meta name=\"twitter:label1\" content=\"Dur\u00e9e de lecture estim\u00e9e\" \/>\n\t<meta name=\"twitter:data1\" content=\"2 minutes\" \/>\n<script type=\"application\/ld+json\" class=\"yoast-schema-graph\">{\"@context\":\"https:\/\/schema.org\",\"@graph\":[{\"@type\":\"WebPage\",\"@id\":\"https:\/\/boreagreenawards.com\/index.php\/notre-histoire\/\",\"url\":\"https:\/\/boreagreenawards.com\/index.php\/notre-histoire\/\",\"name\":\"Notre histoire - borea green awards\",\"isPartOf\":{\"@id\":\"https:\/\/boreagreenawards.com\/#website\"},\"datePublished\":\"2021-01-26T19:06:48+00:00\",\"dateModified\":\"2024-09-09T15:22:44+00:00\",\"description\":\"Les borea green awards r\u00e9compensent des acteurs cl\u00e9s de la transition \u00e9nerg\u00e9tique et des \u00e9nergies renouvelables.\",\"breadcrumb\":{\"@id\":\"https:\/\/boreagreenawards.com\/index.php\/notre-histoire\/#breadcrumb\"},\"inLanguage\":\"fr-FR\",\"potentialAction\":[{\"@type\":\"ReadAction\",\"target\":[\"https:\/\/boreagreenawards.com\/index.php\/notre-histoire\/\"]}]},{\"@type\":\"BreadcrumbList\",\"@id\":\"https:\/\/boreagreenawards.com\/index.php\/notre-histoire\/#breadcrumb\",\"itemListElement\":[{\"@type\":\"ListItem\",\"position\":1,\"name\":\"Accueil\",\"item\":\"https:\/\/boreagreenawards.com\/\"},{\"@type\":\"ListItem\",\"position\":2,\"name\":\"Notre histoire\"}]},{\"@type\":\"WebSite\",\"@id\":\"https:\/\/boreagreenawards.com\/#website\",\"url\":\"https:\/\/boreagreenawards.com\/\",\"name\":\"borea green awards\",\"description\":\"C\u00e9r\u00e9monie de r\u00e9compense dans les \u00e9nergies vertes\",\"publisher\":{\"@id\":\"https:\/\/boreagreenawards.com\/#organization\"},\"potentialAction\":[{\"@type\":\"SearchAction\",\"target\":{\"@type\":\"EntryPoint\",\"urlTemplate\":\"https:\/\/boreagreenawards.com\/?s={search_term_string}\"},\"query-input\":{\"@type\":\"PropertyValueSpecification\",\"valueRequired\":true,\"valueName\":\"search_term_string\"}}],\"inLanguage\":\"fr-FR\"},{\"@type\":\"Organization\",\"@id\":\"https:\/\/boreagreenawards.com\/#organization\",\"name\":\"borea green awards\",\"url\":\"https:\/\/boreagreenawards.com\/\",\"logo\":{\"@type\":\"ImageObject\",\"inLanguage\":\"fr-FR\",\"@id\":\"https:\/\/boreagreenawards.com\/#\/schema\/logo\/image\/\",\"url\":\"https:\/\/boreagreenawards.com\/wp-content\/uploads\/2023\/10\/cropped-bga-vert-et-bleu-or-min.webp\",\"contentUrl\":\"https:\/\/boreagreenawards.com\/wp-content\/uploads\/2023\/10\/cropped-bga-vert-et-bleu-or-min.webp\",\"width\":1919,\"height\":1080,\"caption\":\"borea green awards\"},\"image\":{\"@id\":\"https:\/\/boreagreenawards.com\/#\/schema\/logo\/image\/\"},\"sameAs\":[\"https:\/\/www.linkedin.com\/company\/borea-recrutement\"]}]}<\/script>\n<!-- \/ Yoast SEO plugin. -->","yoast_head_json":{"title":"Notre histoire - borea green awards","description":"Les borea green awards r\u00e9compensent des acteurs cl\u00e9s de la transition \u00e9nerg\u00e9tique et des \u00e9nergies renouvelables.","robots":{"index":"index","follow":"follow","max-snippet":"max-snippet:-1","max-image-preview":"max-image-preview:large","max-video-preview":"max-video-preview:-1"},"canonical":"https:\/\/boreagreenawards.com\/index.php\/notre-histoire\/","og_locale":"fr_FR","og_type":"article","og_title":"Notre histoire - borea green awards","og_description":"Les borea green awards r\u00e9compensent des acteurs cl\u00e9s de la transition \u00e9nerg\u00e9tique et des \u00e9nergies renouvelables.","og_url":"https:\/\/boreagreenawards.com\/index.php\/notre-histoire\/","og_site_name":"borea green awards","article_modified_time":"2024-09-09T15:22:44+00:00","og_image":[{"width":1919,"height":1080,"url":"https:\/\/boreagreenawards.com\/wp-content\/uploads\/2023\/10\/cropped-bga-vert-et-bleu-or-min.webp","type":"image\/webp"}],"twitter_card":"summary_large_image","twitter_misc":{"Dur\u00e9e de lecture estim\u00e9e":"2 minutes"},"schema":{"@context":"https:\/\/schema.org","@graph":[{"@type":"WebPage","@id":"https:\/\/boreagreenawards.com\/index.php\/notre-histoire\/","url":"https:\/\/boreagreenawards.com\/index.php\/notre-histoire\/","name":"Notre histoire - borea green awards","isPartOf":{"@id":"https:\/\/boreagreenawards.com\/#website"},"datePublished":"2021-01-26T19:06:48+00:00","dateModified":"2024-09-09T15:22:44+00:00","description":"Les borea green awards r\u00e9compensent des acteurs cl\u00e9s de la transition \u00e9nerg\u00e9tique et des \u00e9nergies renouvelables.","breadcrumb":{"@id":"https:\/\/boreagreenawards.com\/index.php\/notre-histoire\/#breadcrumb"},"inLanguage":"fr-FR","potentialAction":[{"@type":"ReadAction","target":["https:\/\/boreagreenawards.com\/index.php\/notre-histoire\/"]}]},{"@type":"BreadcrumbList","@id":"https:\/\/boreagreenawards.com\/index.php\/notre-histoire\/#breadcrumb","itemListElement":[{"@type":"ListItem","position":1,"name":"Accueil","item":"https:\/\/boreagreenawards.com\/"},{"@type":"ListItem","position":2,"name":"Notre histoire"}]},{"@type":"WebSite","@id":"https:\/\/boreagreenawards.com\/#website","url":"https:\/\/boreagreenawards.com\/","name":"borea green awards","description":"C\u00e9r\u00e9monie de r\u00e9compense dans les \u00e9nergies vertes","publisher":{"@id":"https:\/\/boreagreenawards.com\/#organization"},"potentialAction":[{"@type":"SearchAction","target":{"@type":"EntryPoint","urlTemplate":"https:\/\/boreagreenawards.com\/?s={search_term_string}"},"query-input":{"@type":"PropertyValueSpecification","valueRequired":true,"valueName":"search_term_string"}}],"inLanguage":"fr-FR"},{"@type":"Organization","@id":"https:\/\/boreagreenawards.com\/#organization","name":"borea green awards","url":"https:\/\/boreagreenawards.com\/","logo":{"@type":"ImageObject","inLanguage":"fr-FR","@id":"https:\/\/boreagreenawards.com\/#\/schema\/logo\/image\/","url":"https:\/\/boreagreenawards.com\/wp-content\/uploads\/2023\/10\/cropped-bga-vert-et-bleu-or-min.webp","contentUrl":"https:\/\/boreagreenawards.com\/wp-content\/uploads\/2023\/10\/cropped-bga-vert-et-bleu-or-min.webp","width":1919,"height":1080,"caption":"borea green awards"},"image":{"@id":"https:\/\/boreagreenawards.com\/#\/schema\/logo\/image\/"},"sameAs":["https:\/\/www.linkedin.com\/company\/borea-recrutement"]}]}},"_links":{"self":[{"href":"https:\/\/boreagreenawards.com\/index.php\/wp-json\/wp\/v2\/pages\/846","targetHints":{"allow":["GET"]}}],"collection":[{"href":"https:\/\/boreagreenawards.com\/index.php\/wp-json\/wp\/v2\/pages"}],"about":[{"href":"https:\/\/boreagreenawards.com\/index.php\/wp-json\/wp\/v2\/types\/page"}],"author":[{"embeddable":true,"href":"https:\/\/boreagreenawards.com\/index.php\/wp-json\/wp\/v2\/users\/1"}],"replies":[{"embeddable":true,"href":"https:\/\/boreagreenawards.com\/index.php\/wp-json\/wp\/v2\/comments?post=846"}],"version-history":[{"count":52,"href":"https:\/\/boreagreenawards.com\/index.php\/wp-json\/wp\/v2\/pages\/846\/revisions"}],"predecessor-version":[{"id":5851,"href":"https:\/\/boreagreenawards.com\/index.php\/wp-json\/wp\/v2\/pages\/846\/revisions\/5851"}],"wp:attachment":[{"href":"https:\/\/boreagreenawards.com\/index.php\/wp-json\/wp\/v2\/media?parent=846"}],"curies":[{"name":"wp","href":"https:\/\/api.w.org\/{rel}","templated":true}]}}