{"id":6471,"date":"2026-01-12T16:48:21","date_gmt":"2026-01-12T15:48:21","guid":{"rendered":"https:\/\/boreagreenawards.com\/?page_id=6471"},"modified":"2026-01-12T16:48:36","modified_gmt":"2026-01-12T15:48:36","slug":"la-ceremonie-des-borea-green-awards-2024","status":"publish","type":"page","link":"https:\/\/boreagreenawards.com\/index.php\/la-ceremonie-des-borea-green-awards-2024\/","title":{"rendered":"La c\u00e9r\u00e9monie des borea green awards 2024"},"content":{"rendered":"<style>.kadence-column6471_c506fe-73 > .kt-inside-inner-col,.kadence-column6471_c506fe-73 > .kt-inside-inner-col:before{border-top-left-radius:0px;border-top-right-radius:0px;border-bottom-right-radius:0px;border-bottom-left-radius:0px;}.kadence-column6471_c506fe-73 > .kt-inside-inner-col{column-gap:var(--global-kb-gap-sm, 1rem);}.kadence-column6471_c506fe-73 > .kt-inside-inner-col{flex-direction:column;}.kadence-column6471_c506fe-73 > .kt-inside-inner-col > .aligncenter{width:100%;}.kadence-column6471_c506fe-73 > .kt-inside-inner-col:before{opacity:0.3;}.kadence-column6471_c506fe-73{position:relative;}@media all and (max-width: 1024px){.kadence-column6471_c506fe-73 > .kt-inside-inner-col{flex-direction:column;justify-content:center;}}@media all and (max-width: 767px){.kadence-column6471_c506fe-73 > .kt-inside-inner-col{flex-direction:column;justify-content:center;}}<\/style>\n<div class=\"wp-block-kadence-column kadence-column6471_c506fe-73\"><div class=\"kt-inside-inner-col\">\n<div class=\"wp-block-columns is-layout-flex wp-container-core-columns-is-layout-9d6595d7 wp-block-columns-is-layout-flex\">\n<div class=\"wp-block-column is-layout-flow wp-block-column-is-layout-flow\" style=\"flex-basis:66.66%\">\n<figure class=\"wp-block-embed is-type-video is-provider-youtube wp-block-embed-youtube wp-embed-aspect-16-9 wp-has-aspect-ratio\"><div class=\"wp-block-embed__wrapper\">\n<iframe loading=\"lazy\" title=\"C\u00e9r\u00e9monie des borea green awards 2024\" width=\"1200\" height=\"675\" src=\"https:\/\/www.youtube.com\/embed\/sUEdcZcGNWo?start=1&#038;feature=oembed\" frameborder=\"0\" allow=\"accelerometer; autoplay; clipboard-write; encrypted-media; gyroscope; picture-in-picture; web-share\" referrerpolicy=\"strict-origin-when-cross-origin\" allowfullscreen><\/iframe>\n<\/div><\/figure>\n<\/div>\n\n\n\n<div class=\"wp-block-column is-layout-flow wp-block-column-is-layout-flow\" style=\"flex-basis:33.33%\"><div class=\"gb-container gb-container-437ed471\">\n\n<hr class=\"wp-block-separator has-text-color has-accent-color has-alpha-channel-opacity has-accent-background-color has-background is-style-wide\"\/>\n\n\n\n<h2 class=\"wp-block-heading has-medium-font-size\"><strong>Revivez l<\/strong>&lsquo;<strong>int\u00e9gralit\u00e9 des borea green awards 202<\/strong>4<\/h2>\n\n\n\n<details class=\"wp-block-details is-layout-flow wp-block-details-is-layout-flow\" style=\"font-style:normal;font-weight:100\"><summary>Apr\u00e8s une premi\u00e8re ann\u00e9e \u00e0 Bordeaux, les borea green awards ont pos\u00e9 leurs valises \u00e0 Paris jeudi dernier pour une seconde \u00e9dition port\u00e9e par l\u2019engagement ! <\/summary>\n<p style=\"font-style:normal;font-weight:100\">Durant cette soir\u00e9e unique, quatre r\u00e9compenses ont \u00e9t\u00e9 remises en pr\u00e9sence des acteurs de la transition \u00e9nerg\u00e9tique. Prix de la Distinction d\u2019Excellence, remis par Golan Rouzkhosh, Fondateur du groupe GRK MEDIA, saluant les efforts exemplaires dans la transformation du secteur. Prix de l\u2019Innovation EnR, remis par Fr\u00e9d\u00e9ric Martin, Pr\u00e9sident de France gaz, honorant les solutions innovantes qui fa\u00e7onnent le futur des \u00e9nergies renouvelables. Prix de l\u2019Engagement Environnemental, remis par Mareva Edel, CEO de Tahuri Energies, qui met en lumi\u00e8re les initiatives ayant un impact significatif sur la protection de l\u2019environnement. Prix de l\u2019Emploi et des Comp\u00e9tences Territoriales, remis par Jean-Luc Fugit, D\u00e9put\u00e9 de la 11e circonscription du Rh\u00f4ne et Pr\u00e9sident du CSE, r\u00e9compensant les projets favorisant le d\u00e9veloppement des comp\u00e9tences et des emplois dans les territoires.<\/p>\n<\/details>\n\n<\/div><\/div>\n<\/div>\n<\/div><\/div>\n\n\n<style>.kadence-column6471_c1706d-1c > .kt-inside-inner-col{padding-top:0px;}.kadence-column6471_c1706d-1c > .kt-inside-inner-col,.kadence-column6471_c1706d-1c > .kt-inside-inner-col:before{border-top-left-radius:0px;border-top-right-radius:0px;border-bottom-right-radius:0px;border-bottom-left-radius:0px;}.kadence-column6471_c1706d-1c > .kt-inside-inner-col{column-gap:var(--global-kb-gap-sm, 1rem);}.kadence-column6471_c1706d-1c > .kt-inside-inner-col{flex-direction:column;}.kadence-column6471_c1706d-1c > .kt-inside-inner-col > .aligncenter{width:100%;}.kadence-column6471_c1706d-1c > .kt-inside-inner-col:before{opacity:0.3;}.kadence-column6471_c1706d-1c{position:relative;}.kadence-column6471_c1706d-1c, .kt-inside-inner-col > .kadence-column6471_c1706d-1c:not(.specificity){margin-top:0px;margin-bottom:0px;}@media all and (max-width: 1024px){.kadence-column6471_c1706d-1c > .kt-inside-inner-col{flex-direction:column;justify-content:center;}}@media all and (max-width: 767px){.kadence-column6471_c1706d-1c > .kt-inside-inner-col{flex-direction:column;justify-content:center;}}<\/style>\n<div class=\"wp-block-kadence-column kadence-column6471_c1706d-1c\"><div class=\"kt-inside-inner-col\">\n<p><strong><strong>BGA 2025 : les moments <\/strong><\/strong><br><strong><strong>forts de la c\u00e9r\u00e9monie<\/strong><\/strong><a href=\"https:\/\/www.youtube.com\/@boreagreenawards\"><\/a><\/p>\n<\/div><\/div>\n\n\n<div class=\"gb-container gb-container-ae1d555b\">\n\n<div class=\"alignnormal\"><div id=\"metaslider-id-6259\" style=\"width: 100%;\" class=\"ml-slider-3-106-0 metaslider metaslider-flex metaslider-6259 ml-slider hide-slideshow-smartphone hide-navigation-smartphone has-onhover-arrows has-dots-nav has-carousel-mode ms-theme-simply-dark\" role=\"region\" aria-label=\"Les c\u00e9r\u00e9monies\" data-height=\"216\" data-width=\"384\">\n    <div id=\"metaslider_container_6259\">\n        <div id=\"metaslider_6259\">\n            <ul aria-live='off' class='slides'>\n                <li style=\"display: none; width: 100%;\" class=\"slide-6260 ms-image \" aria-roledescription=\"slide\" data-date=\"2025-11-24 15:34:24\" data-filename=\"borea-green-awards-after-ceremonie.jpg\" data-slide-type=\"image\"><a href=\"https:\/\/boreagreenawards.com\/index.php\/la-ceremonie-des-borea-green-awards-2025\/\" target=\"_self\" aria-label=\"TEST EN GROS\" class=\"metaslider_image_link\"><img loading=\"lazy\" decoding=\"async\" src=\"https:\/\/boreagreenawards.com\/wp-content\/uploads\/2025\/12\/borea-green-awards-after-ceremonie.jpg\" height=\"216\" width=\"384\" alt=\"\" class=\"slider-6259 slide-6260 msDefaultImage\" title=\"borea-green-awards-after-c\u00e9r\u00e9monie\" \/><\/a><div class=\"caption-wrap\"><div class=\"caption\"><div><strong>3<span style=\"font-size:12px;\">\u00e8me<\/span> C\u00c9R\u00c9MONIE<\/strong><br \/>(Re)voir l'int\u00e9gralit\u00e9 de la c\u00e9r\u00e9monie<\/div><\/div><\/div><\/li>\n                <li style=\"display: none; width: 100%;\" class=\"slide-6261 ms-image \" aria-roledescription=\"slide\" data-date=\"2025-11-24 15:34:24\" data-filename=\"borea-green-awards-pre-show.jpg\" data-slide-type=\"image\"><a href=\"https:\/\/boreagreenawards.com\/index.php\/le-pre-show-des-borea-green-awards-2025\/\" target=\"_self\" aria-label=\"Voir les d\u00e9tails de la diapositive\" class=\"metaslider_image_link\"><img loading=\"lazy\" decoding=\"async\" src=\"https:\/\/boreagreenawards.com\/wp-content\/uploads\/2025\/12\/borea-green-awards-pre-show.jpg\" height=\"216\" width=\"384\" alt=\"\" class=\"slider-6259 slide-6261 msDefaultImage\" title=\"borea-green-awards-pr\u00e9-show\" \/><\/a><div class=\"caption-wrap\"><div class=\"caption\"><div><strong>LE PR\u00c9-SHOW<\/strong><br \/>(Re)voir les interviews in\u00e9dites du pr\u00e9-show<\/div><\/div><\/div><\/li>\n                <li style=\"display: none; width: 100%;\" class=\"slide-6262 ms-image \" aria-roledescription=\"slide\" data-date=\"2025-11-24 15:34:24\" data-filename=\"borea-green-awards-after-show.jpg\" data-slide-type=\"image\"><a href=\"https:\/\/boreagreenawards.com\/index.php\/lafter-show-des-borea-green-awards-2025\/\" target=\"_self\" aria-label=\"Voir les d\u00e9tails de la diapositive\" class=\"metaslider_image_link\"><img loading=\"lazy\" decoding=\"async\" src=\"https:\/\/boreagreenawards.com\/wp-content\/uploads\/2025\/12\/borea-green-awards-after-show.jpg\" height=\"216\" width=\"384\" alt=\"\" class=\"slider-6259 slide-6262 msDefaultImage\" title=\"borea-green-awards-after-show\" \/><\/a><div class=\"caption-wrap\"><div class=\"caption\"><div><strong>L'AFTER-SHOW<\/strong><br \/>Les coulisses de l'\u00e9mission, les laur\u00e9ats<\/div><\/div><\/div><\/li>\n                <li style=\"display: none; width: 100%;\" class=\"slide-6263 ms-image \" aria-roledescription=\"slide\" data-date=\"2025-11-24 15:34:24\" data-filename=\"borea-green-awards-2024-1.jpg\" data-slide-type=\"image\"><a href=\"https:\/\/boreagreenawards.com\/index.php\/la-ceremonie-des-borea-green-awards-2024\/\" target=\"_self\" aria-label=\"Voir les d\u00e9tails de la diapositive\" class=\"metaslider_image_link\"><img loading=\"lazy\" decoding=\"async\" src=\"https:\/\/boreagreenawards.com\/wp-content\/uploads\/2025\/12\/borea-green-awards-2024-1.jpg\" height=\"216\" width=\"384\" alt=\"\" class=\"slider-6259 slide-6263 msDefaultImage\" title=\"borea-green-awards-2024\" \/><\/a><div class=\"caption-wrap\"><div class=\"caption\"><div><strong>2<span style=\"font-size:12px;\">\u00e8me<\/span> C\u00c9R\u00c9MONIE<\/strong><br \/>(Re)voir l'int\u00e9gralit\u00e9 de l'\u00e9dition 2024<\/div><\/div><\/div><\/li>\n            <\/ul>\n        <\/div>\n        \n    <\/div>\n<\/div><\/div>\n\n<\/div>\n\n\n<p><\/p>\n","protected":false},"excerpt":{"rendered":"<p>Revivez l&lsquo;int\u00e9gralit\u00e9 des borea green awards 2024 BGA 2025 : les moments forts de la c\u00e9r\u00e9monie<\/p>\n","protected":false},"author":1,"featured_media":0,"parent":0,"menu_order":0,"comment_status":"closed","ping_status":"closed","template":"","meta":{"footnotes":""},"class_list":["post-6471","page","type-page","status-publish"],"yoast_head":"<!-- This site is optimized with the Yoast SEO plugin v27.1.1 - https:\/\/yoast.com\/product\/yoast-seo-wordpress\/ -->\n<title>La c\u00e9r\u00e9monie des borea green awards 2024 - borea green awards<\/title>\n<meta name=\"description\" content=\"Les borea green awards r\u00e9compensent des acteurs cl\u00e9s de la transition \u00e9nerg\u00e9tique.\" \/>\n<meta name=\"robots\" content=\"index, follow, max-snippet:-1, max-image-preview:large, max-video-preview:-1\" \/>\n<link rel=\"canonical\" href=\"https:\/\/boreagreenawards.com\/index.php\/la-ceremonie-des-borea-green-awards-2024\/\" \/>\n<meta property=\"og:locale\" content=\"fr_FR\" \/>\n<meta property=\"og:type\" content=\"article\" \/>\n<meta property=\"og:title\" content=\"La c\u00e9r\u00e9monie des borea green awards 2024 - borea green awards\" \/>\n<meta property=\"og:description\" content=\"Les borea green awards r\u00e9compensent des acteurs cl\u00e9s de la transition \u00e9nerg\u00e9tique.\" \/>\n<meta property=\"og:url\" content=\"https:\/\/boreagreenawards.com\/index.php\/la-ceremonie-des-borea-green-awards-2024\/\" \/>\n<meta property=\"og:site_name\" content=\"borea green awards\" \/>\n<meta property=\"article:modified_time\" content=\"2026-01-12T15:48:36+00:00\" \/>\n<meta property=\"og:image\" content=\"https:\/\/boreagreenawards.com\/wp-content\/uploads\/2023\/10\/cropped-bga-vert-et-bleu-or-min.webp\" \/>\n\t<meta property=\"og:image:width\" content=\"1919\" \/>\n\t<meta property=\"og:image:height\" content=\"1080\" \/>\n\t<meta property=\"og:image:type\" content=\"image\/webp\" \/>\n<meta name=\"twitter:card\" content=\"summary_large_image\" \/>\n<meta name=\"twitter:label1\" content=\"Dur\u00e9e de lecture estim\u00e9e\" \/>\n\t<meta name=\"twitter:data1\" content=\"1 minute\" \/>\n<script type=\"application\/ld+json\" class=\"yoast-schema-graph\">{\"@context\":\"https:\/\/schema.org\",\"@graph\":[{\"@type\":\"WebPage\",\"@id\":\"https:\/\/boreagreenawards.com\/index.php\/la-ceremonie-des-borea-green-awards-2024\/\",\"url\":\"https:\/\/boreagreenawards.com\/index.php\/la-ceremonie-des-borea-green-awards-2024\/\",\"name\":\"La c\u00e9r\u00e9monie des borea green awards 2024 - borea green awards\",\"isPartOf\":{\"@id\":\"https:\/\/boreagreenawards.com\/#website\"},\"datePublished\":\"2026-01-12T15:48:21+00:00\",\"dateModified\":\"2026-01-12T15:48:36+00:00\",\"description\":\"Les borea green awards r\u00e9compensent des acteurs cl\u00e9s de la transition \u00e9nerg\u00e9tique.\",\"breadcrumb\":{\"@id\":\"https:\/\/boreagreenawards.com\/index.php\/la-ceremonie-des-borea-green-awards-2024\/#breadcrumb\"},\"inLanguage\":\"fr-FR\",\"potentialAction\":[{\"@type\":\"ReadAction\",\"target\":[\"https:\/\/boreagreenawards.com\/index.php\/la-ceremonie-des-borea-green-awards-2024\/\"]}]},{\"@type\":\"BreadcrumbList\",\"@id\":\"https:\/\/boreagreenawards.com\/index.php\/la-ceremonie-des-borea-green-awards-2024\/#breadcrumb\",\"itemListElement\":[{\"@type\":\"ListItem\",\"position\":1,\"name\":\"Accueil\",\"item\":\"https:\/\/boreagreenawards.com\/\"},{\"@type\":\"ListItem\",\"position\":2,\"name\":\"La c\u00e9r\u00e9monie des borea green awards 2024\"}]},{\"@type\":\"WebSite\",\"@id\":\"https:\/\/boreagreenawards.com\/#website\",\"url\":\"https:\/\/boreagreenawards.com\/\",\"name\":\"borea green awards\",\"description\":\"C\u00e9r\u00e9monie de r\u00e9compense dans les \u00e9nergies vertes\",\"publisher\":{\"@id\":\"https:\/\/boreagreenawards.com\/#organization\"},\"potentialAction\":[{\"@type\":\"SearchAction\",\"target\":{\"@type\":\"EntryPoint\",\"urlTemplate\":\"https:\/\/boreagreenawards.com\/?s={search_term_string}\"},\"query-input\":{\"@type\":\"PropertyValueSpecification\",\"valueRequired\":true,\"valueName\":\"search_term_string\"}}],\"inLanguage\":\"fr-FR\"},{\"@type\":\"Organization\",\"@id\":\"https:\/\/boreagreenawards.com\/#organization\",\"name\":\"borea green awards\",\"url\":\"https:\/\/boreagreenawards.com\/\",\"logo\":{\"@type\":\"ImageObject\",\"inLanguage\":\"fr-FR\",\"@id\":\"https:\/\/boreagreenawards.com\/#\/schema\/logo\/image\/\",\"url\":\"https:\/\/boreagreenawards.com\/wp-content\/uploads\/2023\/10\/cropped-bga-vert-et-bleu-or-min.webp\",\"contentUrl\":\"https:\/\/boreagreenawards.com\/wp-content\/uploads\/2023\/10\/cropped-bga-vert-et-bleu-or-min.webp\",\"width\":1919,\"height\":1080,\"caption\":\"borea green awards\"},\"image\":{\"@id\":\"https:\/\/boreagreenawards.com\/#\/schema\/logo\/image\/\"},\"sameAs\":[\"https:\/\/www.linkedin.com\/company\/borea-recrutement\"]}]}<\/script>\n<!-- \/ Yoast SEO plugin. -->","yoast_head_json":{"title":"La c\u00e9r\u00e9monie des borea green awards 2024 - borea green awards","description":"Les borea green awards r\u00e9compensent des acteurs cl\u00e9s de la transition \u00e9nerg\u00e9tique.","robots":{"index":"index","follow":"follow","max-snippet":"max-snippet:-1","max-image-preview":"max-image-preview:large","max-video-preview":"max-video-preview:-1"},"canonical":"https:\/\/boreagreenawards.com\/index.php\/la-ceremonie-des-borea-green-awards-2024\/","og_locale":"fr_FR","og_type":"article","og_title":"La c\u00e9r\u00e9monie des borea green awards 2024 - borea green awards","og_description":"Les borea green awards r\u00e9compensent des acteurs cl\u00e9s de la transition \u00e9nerg\u00e9tique.","og_url":"https:\/\/boreagreenawards.com\/index.php\/la-ceremonie-des-borea-green-awards-2024\/","og_site_name":"borea green awards","article_modified_time":"2026-01-12T15:48:36+00:00","og_image":[{"width":1919,"height":1080,"url":"https:\/\/boreagreenawards.com\/wp-content\/uploads\/2023\/10\/cropped-bga-vert-et-bleu-or-min.webp","type":"image\/webp"}],"twitter_card":"summary_large_image","twitter_misc":{"Dur\u00e9e de lecture estim\u00e9e":"1 minute"},"schema":{"@context":"https:\/\/schema.org","@graph":[{"@type":"WebPage","@id":"https:\/\/boreagreenawards.com\/index.php\/la-ceremonie-des-borea-green-awards-2024\/","url":"https:\/\/boreagreenawards.com\/index.php\/la-ceremonie-des-borea-green-awards-2024\/","name":"La c\u00e9r\u00e9monie des borea green awards 2024 - borea green awards","isPartOf":{"@id":"https:\/\/boreagreenawards.com\/#website"},"datePublished":"2026-01-12T15:48:21+00:00","dateModified":"2026-01-12T15:48:36+00:00","description":"Les borea green awards r\u00e9compensent des acteurs cl\u00e9s de la transition \u00e9nerg\u00e9tique.","breadcrumb":{"@id":"https:\/\/boreagreenawards.com\/index.php\/la-ceremonie-des-borea-green-awards-2024\/#breadcrumb"},"inLanguage":"fr-FR","potentialAction":[{"@type":"ReadAction","target":["https:\/\/boreagreenawards.com\/index.php\/la-ceremonie-des-borea-green-awards-2024\/"]}]},{"@type":"BreadcrumbList","@id":"https:\/\/boreagreenawards.com\/index.php\/la-ceremonie-des-borea-green-awards-2024\/#breadcrumb","itemListElement":[{"@type":"ListItem","position":1,"name":"Accueil","item":"https:\/\/boreagreenawards.com\/"},{"@type":"ListItem","position":2,"name":"La c\u00e9r\u00e9monie des borea green awards 2024"}]},{"@type":"WebSite","@id":"https:\/\/boreagreenawards.com\/#website","url":"https:\/\/boreagreenawards.com\/","name":"borea green awards","description":"C\u00e9r\u00e9monie de r\u00e9compense dans les \u00e9nergies vertes","publisher":{"@id":"https:\/\/boreagreenawards.com\/#organization"},"potentialAction":[{"@type":"SearchAction","target":{"@type":"EntryPoint","urlTemplate":"https:\/\/boreagreenawards.com\/?s={search_term_string}"},"query-input":{"@type":"PropertyValueSpecification","valueRequired":true,"valueName":"search_term_string"}}],"inLanguage":"fr-FR"},{"@type":"Organization","@id":"https:\/\/boreagreenawards.com\/#organization","name":"borea green awards","url":"https:\/\/boreagreenawards.com\/","logo":{"@type":"ImageObject","inLanguage":"fr-FR","@id":"https:\/\/boreagreenawards.com\/#\/schema\/logo\/image\/","url":"https:\/\/boreagreenawards.com\/wp-content\/uploads\/2023\/10\/cropped-bga-vert-et-bleu-or-min.webp","contentUrl":"https:\/\/boreagreenawards.com\/wp-content\/uploads\/2023\/10\/cropped-bga-vert-et-bleu-or-min.webp","width":1919,"height":1080,"caption":"borea green awards"},"image":{"@id":"https:\/\/boreagreenawards.com\/#\/schema\/logo\/image\/"},"sameAs":["https:\/\/www.linkedin.com\/company\/borea-recrutement"]}]}},"_links":{"self":[{"href":"https:\/\/boreagreenawards.com\/index.php\/wp-json\/wp\/v2\/pages\/6471","targetHints":{"allow":["GET"]}}],"collection":[{"href":"https:\/\/boreagreenawards.com\/index.php\/wp-json\/wp\/v2\/pages"}],"about":[{"href":"https:\/\/boreagreenawards.com\/index.php\/wp-json\/wp\/v2\/types\/page"}],"author":[{"embeddable":true,"href":"https:\/\/boreagreenawards.com\/index.php\/wp-json\/wp\/v2\/users\/1"}],"replies":[{"embeddable":true,"href":"https:\/\/boreagreenawards.com\/index.php\/wp-json\/wp\/v2\/comments?post=6471"}],"version-history":[{"count":2,"href":"https:\/\/boreagreenawards.com\/index.php\/wp-json\/wp\/v2\/pages\/6471\/revisions"}],"predecessor-version":[{"id":6473,"href":"https:\/\/boreagreenawards.com\/index.php\/wp-json\/wp\/v2\/pages\/6471\/revisions\/6473"}],"wp:attachment":[{"href":"https:\/\/boreagreenawards.com\/index.php\/wp-json\/wp\/v2\/media?parent=6471"}],"curies":[{"name":"wp","href":"https:\/\/api.w.org\/{rel}","templated":true}]}}