{"id":6313,"date":"2025-11-28T16:52:19","date_gmt":"2025-11-28T15:52:19","guid":{"rendered":"https:\/\/boreagreenawards.com\/?page_id=6313"},"modified":"2025-11-28T16:53:09","modified_gmt":"2025-11-28T15:53:09","slug":"prix-de-lengagement-environnemental-paprec-recompensee-aux-borea-green-awards-2025","status":"publish","type":"page","link":"https:\/\/boreagreenawards.com\/index.php\/prix-de-lengagement-environnemental-paprec-recompensee-aux-borea-green-awards-2025\/","title":{"rendered":"Prix de l\u2019engagement environnemental &#8211; Paprec r\u00e9compens\u00e9e aux borea green awards 2025"},"content":{"rendered":"<style>.kadence-column6313_156b4a-b0 > .kt-inside-inner-col,.kadence-column6313_156b4a-b0 > .kt-inside-inner-col:before{border-top-left-radius:0px;border-top-right-radius:0px;border-bottom-right-radius:0px;border-bottom-left-radius:0px;}.kadence-column6313_156b4a-b0 > .kt-inside-inner-col{column-gap:var(--global-kb-gap-sm, 1rem);}.kadence-column6313_156b4a-b0 > .kt-inside-inner-col{flex-direction:column;}.kadence-column6313_156b4a-b0 > .kt-inside-inner-col > .aligncenter{width:100%;}.kadence-column6313_156b4a-b0 > .kt-inside-inner-col:before{opacity:0.3;}.kadence-column6313_156b4a-b0{position:relative;}@media all and (max-width: 1024px){.kadence-column6313_156b4a-b0 > .kt-inside-inner-col{flex-direction:column;justify-content:center;}}@media all and (max-width: 767px){.kadence-column6313_156b4a-b0 > .kt-inside-inner-col{flex-direction:column;justify-content:center;}}<\/style>\n<div class=\"wp-block-kadence-column kadence-column6313_156b4a-b0\"><div class=\"kt-inside-inner-col\">\n<div class=\"wp-block-columns is-layout-flex wp-container-core-columns-is-layout-9d6595d7 wp-block-columns-is-layout-flex\">\n<div class=\"wp-block-column is-layout-flow wp-block-column-is-layout-flow\" style=\"flex-basis:66.66%\">\n<figure class=\"wp-block-embed is-type-video is-provider-youtube wp-block-embed-youtube wp-embed-aspect-16-9 wp-has-aspect-ratio\"><div class=\"wp-block-embed__wrapper\">\n<iframe loading=\"lazy\" title=\"Prix de l\u2019engagement environnemental - Paprec r\u00e9compens\u00e9e aux borea green awards 2025\" width=\"1200\" height=\"675\" src=\"https:\/\/www.youtube.com\/embed\/vx40_ay0-9Y?list=PL9smlbywXTpeNrZaEh-rFC_IQHcylXm7I\" frameborder=\"0\" allow=\"accelerometer; autoplay; clipboard-write; encrypted-media; gyroscope; picture-in-picture; web-share\" referrerpolicy=\"strict-origin-when-cross-origin\" allowfullscreen><\/iframe>\n<\/div><\/figure>\n<\/div>\n\n\n\n<div class=\"wp-block-column is-layout-flow wp-block-column-is-layout-flow\" style=\"flex-basis:33.33%\"><div class=\"gb-container gb-container-437ed471\">\n\n<hr class=\"wp-block-separator has-text-color has-accent-color has-alpha-channel-opacity has-accent-background-color has-background is-style-wide\"\/>\n\n\n\n<h2 class=\"wp-block-heading has-medium-font-size\"><strong>Prix de l\u2019engagement environnemental &#8211; Paprec r\u00e9compens\u00e9e aux borea green awards 2025<\/strong><\/h2>\n\n\n\n<details class=\"wp-block-details is-layout-flow wp-block-details-is-layout-flow\" style=\"font-style:normal;font-weight:100\"><summary>Le Prix de l\u2019engagement environnemental des borea green awards 2025 distingue les entreprises qui placent la pr\u00e9servation du climat et des ressources au c\u0153ur de leur strat\u00e9gie.<\/summary>\n<p style=\"font-style:normal;font-weight:100\">Cette distinction salue les d\u00e9marches exemplaires en mati\u00e8re de r\u00e9duction des \u00e9missions, de valorisation des d\u00e9chets et de protection des \u00e9cosyst\u00e8mes, port\u00e9es par des acteurs convaincus qu\u2019\u00e9cologie et performance peuvent aller de pair. Cette ann\u00e9e, le prix a \u00e9t\u00e9 remis par Xavier Passemard, directeur biom\u00e9thane chez GRDF, \u00e0 Virginie Thevenet, directrice g\u00e9n\u00e9rale de Paprec. Pionnier fran\u00e7ais du recyclage et de l\u2019\u00e9conomie circulaire, Paprec s\u2019est impos\u00e9 comme un acteur majeur de la transition \u00e9cologique en d\u00e9veloppant des solutions innovantes pour le tri, la valorisation \u00e9nerg\u00e9tique et la captation du CO\u2082. Son engagement quotidien prouve qu\u2019une industrie plus verte et plus responsable est non seulement possible, mais d\u00e9j\u00e0 en marche.<\/p>\n<\/details>\n\n<\/div><\/div>\n<\/div>\n<\/div><\/div>\n\n\n<style>.kadence-column6313_7aa494-90 > .kt-inside-inner-col{padding-top:0px;}.kadence-column6313_7aa494-90 > .kt-inside-inner-col,.kadence-column6313_7aa494-90 > .kt-inside-inner-col:before{border-top-left-radius:0px;border-top-right-radius:0px;border-bottom-right-radius:0px;border-bottom-left-radius:0px;}.kadence-column6313_7aa494-90 > .kt-inside-inner-col{column-gap:var(--global-kb-gap-sm, 1rem);}.kadence-column6313_7aa494-90 > .kt-inside-inner-col{flex-direction:column;}.kadence-column6313_7aa494-90 > .kt-inside-inner-col > .aligncenter{width:100%;}.kadence-column6313_7aa494-90 > .kt-inside-inner-col:before{opacity:0.3;}.kadence-column6313_7aa494-90{position:relative;}.kadence-column6313_7aa494-90, .kt-inside-inner-col > .kadence-column6313_7aa494-90:not(.specificity){margin-top:0px;margin-bottom:0px;}@media all and (max-width: 1024px){.kadence-column6313_7aa494-90 > .kt-inside-inner-col{flex-direction:column;justify-content:center;}}@media all and (max-width: 767px){.kadence-column6313_7aa494-90 > .kt-inside-inner-col{flex-direction:column;justify-content:center;}}<\/style>\n<div class=\"wp-block-kadence-column kadence-column6313_7aa494-90\"><div class=\"kt-inside-inner-col\">\n<p><strong><strong>BGA 2025 : les moments forts de la c\u00e9r\u00e9monie<\/strong><\/strong><a href=\"https:\/\/www.youtube.com\/@boreagreenawards\"><\/a><\/p>\n<\/div><\/div>\n\n\n<div class=\"gb-container gb-container-ae1d555b\">\n\n<div class=\"alignnormal\"><div id=\"metaslider-id-6235\" style=\"width: 100%;\" class=\"ml-slider-3-106-0 metaslider metaslider-flex metaslider-6235 ml-slider hide-slideshow-smartphone hide-arrows-smartphone hide-navigation-smartphone has-onhover-arrows has-dots-nav has-carousel-mode ms-theme-simply-dark\" role=\"region\" aria-label=\"BGA25 les moments forts\" data-height=\"390\" data-width=\"300\">\n    <div id=\"metaslider_container_6235\">\n        <div id=\"metaslider_6235\">\n            <ul aria-live='off' class='slides'>\n                <li style=\"display: none; width: 100%;\" class=\"slide-6236 ms-image \" aria-roledescription=\"slide\" data-date=\"2025-11-17 16:49:22\" data-filename=\"borea-green-awards-trophees-4-3.jpg\" data-slide-type=\"image\"><a href=\"https:\/\/boreagreenawards.com\/index.php\/prix-innovation-enr-novea-2025\/\" target=\"_self\" aria-label=\"Prix de l\u2019innovation EnR \u2013 Novea r\u00e9compens\u00e9e aux borea green awards 2025\" class=\"metaslider_image_link\"><img loading=\"lazy\" decoding=\"async\" src=\"https:\/\/boreagreenawards.com\/wp-content\/uploads\/2025\/12\/borea-green-awards-trophees-4-3.jpg\" height=\"390\" width=\"300\" alt=\"\" class=\"slider-6235 slide-6236 msDefaultImage\" title=\"Prix de l\u2019innovation EnR Novea r\u00e9compens\u00e9e aux borea green awards 2025\" \/><\/a><div class=\"caption-wrap\"><div class=\"caption\"><div><strong>Prix de l\u2019innovation EnR<\/strong><\/div> <div>Novea r\u00e9compens\u00e9e aux borea green awards 2025<\/div><\/div><\/div><\/li>\n                <li style=\"display: none; width: 100%;\" class=\"slide-6237 ms-image \" aria-roledescription=\"slide\" data-date=\"2025-11-17 16:49:22\" data-filename=\"borea-green-awards-trophees-1-5.jpg\" data-slide-type=\"image\"><a href=\"https:\/\/boreagreenawards.com\/index.php\/prix-de-lemploi-verso-energy-recompensee-aux-borea-green-awards-2025\/\" target=\"_self\" aria-label=\"Prix de l\u2019emploi \u2013 Verso Energy r\u00e9compens\u00e9e aux borea green awards 2025\" class=\"metaslider_image_link\"><img loading=\"lazy\" decoding=\"async\" src=\"https:\/\/boreagreenawards.com\/wp-content\/uploads\/2025\/12\/borea-green-awards-trophees-1-5.jpg\" height=\"390\" width=\"300\" alt=\"\" class=\"slider-6235 slide-6237 msDefaultImage\" title=\"Prix de l\u2019emploi EnR Verso Energy r\u00e9compens\u00e9e aux borea green awards 2025\" \/><\/a><div class=\"caption-wrap\"><div class=\"caption\"><div><strong>Prix de l\u2019emploi EnR<\/strong><\/div> <div><span style=\"font-size:15px;\">Verso Energy r\u00e9compens\u00e9e aux borea green awards 2025<\/span><\/div><\/div><\/div><\/li>\n                <li style=\"display: none; width: 100%;\" class=\"slide-6238 ms-image \" aria-roledescription=\"slide\" data-date=\"2025-11-17 16:49:22\" data-filename=\"borea-green-awards-trophees-3-3.jpg\" data-slide-type=\"image\"><a href=\"https:\/\/boreagreenawards.com\/index.php\/prix-de-lengagement-environnemental-paprec-recompensee-aux-borea-green-awards-2025\/\" target=\"_self\" aria-label=\"Prix de l\u2019engagement environnemental \u2013 Paprec r\u00e9compens\u00e9e aux borea green awards 2025\" class=\"metaslider_image_link\"><img loading=\"lazy\" decoding=\"async\" src=\"https:\/\/boreagreenawards.com\/wp-content\/uploads\/2025\/12\/borea-green-awards-trophees-3-3.jpg\" height=\"390\" width=\"300\" alt=\"\" class=\"slider-6235 slide-6238 msDefaultImage\" title=\"Prix de l\u2019engagement environnemental Paprec r\u00e9compens\u00e9e aux borea green awards 2025\" \/><\/a><div class=\"caption-wrap\"><div class=\"caption\"><div><strong>Prix de l\u2019engagement environnemental<\/strong><\/div> <div><span style=\"font-size:15px;\">Paprec r\u00e9compens\u00e9e aux borea green awards 2025<\/span><\/div><\/div><\/div><\/li>\n                <li style=\"display: none; width: 100%;\" class=\"slide-6239 ms-image \" aria-roledescription=\"slide\" data-date=\"2025-11-17 16:49:22\" data-filename=\"borea-green-awards-trophees-2-3.jpg\" data-slide-type=\"image\"><a href=\"https:\/\/boreagreenawards.com\/index.php\/distinction-dexcellence-madic-recompense-aux-borea-green-awards-2025\/\" target=\"_self\" aria-label=\"Distinction d\u2019excellence \u2013 Madic r\u00e9compens\u00e9 aux borea green awards 2025\" class=\"metaslider_image_link\"><img loading=\"lazy\" decoding=\"async\" src=\"https:\/\/boreagreenawards.com\/wp-content\/uploads\/2025\/12\/borea-green-awards-trophees-2-3.jpg\" height=\"390\" width=\"300\" alt=\"\" class=\"slider-6235 slide-6239 msDefaultImage\" title=\"Distinction d\u2019excellence Madic r\u00e9compens\u00e9 aux borea green awards 2025\" \/><\/a><div class=\"caption-wrap\"><div class=\"caption\"><div><strong>Distinction d\u2019excellence<\/strong><\/div> <div><span style=\"font-size:15px;\">Madic r\u00e9compens\u00e9 aux borea green awards 2025<\/span><\/div><\/div><\/div><\/li>\n                <li style=\"display: none; width: 100%;\" class=\"slide-6240 ms-image \" aria-roledescription=\"slide\" data-date=\"2025-11-17 16:51:35\" data-filename=\"TEST-2-1.jpg\" data-slide-type=\"image\"><a href=\"https:\/\/boreagreenawards.com\/index.php\/le-bilan-des-energies-renouvelables-en-2025\/\" target=\"_self\" aria-label=\"Voir les d\u00e9tails de la diapositive\" class=\"metaslider_image_link\"><img loading=\"lazy\" decoding=\"async\" src=\"https:\/\/boreagreenawards.com\/wp-content\/uploads\/2025\/12\/TEST-2-1.jpg\" height=\"390\" width=\"300\" alt=\"Bilan 2025\" class=\"slider-6235 slide-6240 msDefaultImage\" title=\"Bilan-2025-\u00e9nergies-renouvelables\" \/><\/a><div class=\"caption-wrap\"><div class=\"caption\"><div> <div><strong>Bilan des EnR en 2025<\/strong><\/div> <div><span style=\"font-size:15px;\">Les chiffres cl\u00e9s de l'ann\u00e9e !<\/span><\/div> <\/div><\/div><\/div><\/li>\n                <li style=\"display: none; width: 100%;\" class=\"slide-6241 ms-image \" aria-roledescription=\"slide\" data-date=\"2025-11-17 16:51:35\" data-filename=\"TEST-1-1.jpg\" data-slide-type=\"image\"><a href=\"https:\/\/boreagreenawards.com\/index.php\/le-discours-douverture-de-jean-philippe-burtin-bga2025\/\" target=\"_self\" aria-label=\"Voir les d\u00e9tails de la diapositive\" class=\"metaslider_image_link\"><img loading=\"lazy\" decoding=\"async\" src=\"https:\/\/boreagreenawards.com\/wp-content\/uploads\/2025\/12\/TEST-1-1.jpg\" height=\"390\" width=\"300\" alt=\"Discours introduction borea green awards 2025\" class=\"slider-6235 slide-6241 msDefaultImage\" title=\"Discours-Jean-Philippe-Burtin-intro-BGA-2025\" \/><\/a><div class=\"caption-wrap\"><div class=\"caption\"><div><strong>Discours de Jean-Philippe Burtin<\/strong><\/div> <div><span style=\"font-size:15px;\">L'introduction des borea green awards<\/span><\/div><\/div><\/div><\/li>\n                <li style=\"display: none; width: 100%;\" class=\"slide-6242 ms-image \" aria-roledescription=\"slide\" data-date=\"2025-11-17 16:51:35\" data-filename=\"TEST-3-1.jpg\" data-slide-type=\"image\"><a href=\"https:\/\/boreagreenawards.com\/index.php\/le-meilleur-des-borea-green-awards-2024\/\" target=\"_self\" aria-label=\"Voir les d\u00e9tails de la diapositive\" class=\"metaslider_image_link\"><img loading=\"lazy\" decoding=\"async\" src=\"https:\/\/boreagreenawards.com\/wp-content\/uploads\/2025\/12\/TEST-3-1.jpg\" height=\"390\" width=\"300\" alt=\"\" class=\"slider-6235 slide-6242 msDefaultImage\" title=\"edition-2024_borea-green-awards\" \/><\/a><div class=\"caption-wrap\"><div class=\"caption\"><div><strong>Le r\u00e9sum\u00e9 de l'\u00e9dition 2024<br \/><\/strong><span style=\"font-size:15px;\">Le meilleur des BGA 2024<\/span><\/div><\/div><\/div><\/li>\n            <\/ul>\n        <\/div>\n        \n    <\/div>\n<\/div><\/div>\n\n<\/div>\n\n\n<p><\/p>\n","protected":false},"excerpt":{"rendered":"<p>Prix de l\u2019engagement environnemental &#8211; Paprec r\u00e9compens\u00e9e aux borea green awards 2025 BGA 2025 : les moments forts de la c\u00e9r\u00e9monie<\/p>\n","protected":false},"author":1,"featured_media":0,"parent":0,"menu_order":0,"comment_status":"closed","ping_status":"closed","template":"","meta":{"footnotes":""},"class_list":["post-6313","page","type-page","status-publish"],"yoast_head":"<!-- This site is optimized with the Yoast SEO plugin v27.1.1 - https:\/\/yoast.com\/product\/yoast-seo-wordpress\/ -->\n<title>Prix de l\u2019engagement environnemental - Paprec r\u00e9compens\u00e9e aux borea green awards 2025 - borea green awards<\/title>\n<meta name=\"description\" content=\"Les borea green awards r\u00e9compensent des acteurs cl\u00e9s de la transition \u00e9nerg\u00e9tique.\" \/>\n<meta name=\"robots\" content=\"index, follow, max-snippet:-1, max-image-preview:large, max-video-preview:-1\" \/>\n<link rel=\"canonical\" href=\"https:\/\/boreagreenawards.com\/index.php\/prix-de-lengagement-environnemental-paprec-recompensee-aux-borea-green-awards-2025\/\" \/>\n<meta property=\"og:locale\" content=\"fr_FR\" \/>\n<meta property=\"og:type\" content=\"article\" \/>\n<meta property=\"og:title\" content=\"Prix de l\u2019engagement environnemental - Paprec r\u00e9compens\u00e9e aux borea green awards 2025 - borea green awards\" \/>\n<meta property=\"og:description\" content=\"Les borea green awards r\u00e9compensent des acteurs cl\u00e9s de la transition \u00e9nerg\u00e9tique.\" \/>\n<meta property=\"og:url\" content=\"https:\/\/boreagreenawards.com\/index.php\/prix-de-lengagement-environnemental-paprec-recompensee-aux-borea-green-awards-2025\/\" \/>\n<meta property=\"og:site_name\" content=\"borea green awards\" \/>\n<meta property=\"article:modified_time\" content=\"2025-11-28T15:53:09+00:00\" \/>\n<meta property=\"og:image\" content=\"https:\/\/boreagreenawards.com\/wp-content\/uploads\/2023\/10\/cropped-bga-vert-et-bleu-or-min.webp\" \/>\n\t<meta property=\"og:image:width\" content=\"1919\" \/>\n\t<meta property=\"og:image:height\" content=\"1080\" \/>\n\t<meta property=\"og:image:type\" content=\"image\/webp\" \/>\n<meta name=\"twitter:card\" content=\"summary_large_image\" \/>\n<meta name=\"twitter:label1\" content=\"Dur\u00e9e de lecture estim\u00e9e\" \/>\n\t<meta name=\"twitter:data1\" content=\"1 minute\" \/>\n<script type=\"application\/ld+json\" class=\"yoast-schema-graph\">{\"@context\":\"https:\/\/schema.org\",\"@graph\":[{\"@type\":\"WebPage\",\"@id\":\"https:\/\/boreagreenawards.com\/index.php\/prix-de-lengagement-environnemental-paprec-recompensee-aux-borea-green-awards-2025\/\",\"url\":\"https:\/\/boreagreenawards.com\/index.php\/prix-de-lengagement-environnemental-paprec-recompensee-aux-borea-green-awards-2025\/\",\"name\":\"Prix de l\u2019engagement environnemental - Paprec r\u00e9compens\u00e9e aux borea green awards 2025 - borea green awards\",\"isPartOf\":{\"@id\":\"https:\/\/boreagreenawards.com\/#website\"},\"datePublished\":\"2025-11-28T15:52:19+00:00\",\"dateModified\":\"2025-11-28T15:53:09+00:00\",\"description\":\"Les borea green awards r\u00e9compensent des acteurs cl\u00e9s de la transition \u00e9nerg\u00e9tique.\",\"breadcrumb\":{\"@id\":\"https:\/\/boreagreenawards.com\/index.php\/prix-de-lengagement-environnemental-paprec-recompensee-aux-borea-green-awards-2025\/#breadcrumb\"},\"inLanguage\":\"fr-FR\",\"potentialAction\":[{\"@type\":\"ReadAction\",\"target\":[\"https:\/\/boreagreenawards.com\/index.php\/prix-de-lengagement-environnemental-paprec-recompensee-aux-borea-green-awards-2025\/\"]}]},{\"@type\":\"BreadcrumbList\",\"@id\":\"https:\/\/boreagreenawards.com\/index.php\/prix-de-lengagement-environnemental-paprec-recompensee-aux-borea-green-awards-2025\/#breadcrumb\",\"itemListElement\":[{\"@type\":\"ListItem\",\"position\":1,\"name\":\"Accueil\",\"item\":\"https:\/\/boreagreenawards.com\/\"},{\"@type\":\"ListItem\",\"position\":2,\"name\":\"Prix de l\u2019engagement environnemental &#8211; Paprec r\u00e9compens\u00e9e aux borea green awards 2025\"}]},{\"@type\":\"WebSite\",\"@id\":\"https:\/\/boreagreenawards.com\/#website\",\"url\":\"https:\/\/boreagreenawards.com\/\",\"name\":\"borea green awards\",\"description\":\"C\u00e9r\u00e9monie de r\u00e9compense dans les \u00e9nergies vertes\",\"publisher\":{\"@id\":\"https:\/\/boreagreenawards.com\/#organization\"},\"potentialAction\":[{\"@type\":\"SearchAction\",\"target\":{\"@type\":\"EntryPoint\",\"urlTemplate\":\"https:\/\/boreagreenawards.com\/?s={search_term_string}\"},\"query-input\":{\"@type\":\"PropertyValueSpecification\",\"valueRequired\":true,\"valueName\":\"search_term_string\"}}],\"inLanguage\":\"fr-FR\"},{\"@type\":\"Organization\",\"@id\":\"https:\/\/boreagreenawards.com\/#organization\",\"name\":\"borea green awards\",\"url\":\"https:\/\/boreagreenawards.com\/\",\"logo\":{\"@type\":\"ImageObject\",\"inLanguage\":\"fr-FR\",\"@id\":\"https:\/\/boreagreenawards.com\/#\/schema\/logo\/image\/\",\"url\":\"https:\/\/boreagreenawards.com\/wp-content\/uploads\/2023\/10\/cropped-bga-vert-et-bleu-or-min.webp\",\"contentUrl\":\"https:\/\/boreagreenawards.com\/wp-content\/uploads\/2023\/10\/cropped-bga-vert-et-bleu-or-min.webp\",\"width\":1919,\"height\":1080,\"caption\":\"borea green awards\"},\"image\":{\"@id\":\"https:\/\/boreagreenawards.com\/#\/schema\/logo\/image\/\"},\"sameAs\":[\"https:\/\/www.linkedin.com\/company\/borea-recrutement\"]}]}<\/script>\n<!-- \/ Yoast SEO plugin. -->","yoast_head_json":{"title":"Prix de l\u2019engagement environnemental - Paprec r\u00e9compens\u00e9e aux borea green awards 2025 - borea green awards","description":"Les borea green awards r\u00e9compensent des acteurs cl\u00e9s de la transition \u00e9nerg\u00e9tique.","robots":{"index":"index","follow":"follow","max-snippet":"max-snippet:-1","max-image-preview":"max-image-preview:large","max-video-preview":"max-video-preview:-1"},"canonical":"https:\/\/boreagreenawards.com\/index.php\/prix-de-lengagement-environnemental-paprec-recompensee-aux-borea-green-awards-2025\/","og_locale":"fr_FR","og_type":"article","og_title":"Prix de l\u2019engagement environnemental - Paprec r\u00e9compens\u00e9e aux borea green awards 2025 - borea green awards","og_description":"Les borea green awards r\u00e9compensent des acteurs cl\u00e9s de la transition \u00e9nerg\u00e9tique.","og_url":"https:\/\/boreagreenawards.com\/index.php\/prix-de-lengagement-environnemental-paprec-recompensee-aux-borea-green-awards-2025\/","og_site_name":"borea green awards","article_modified_time":"2025-11-28T15:53:09+00:00","og_image":[{"width":1919,"height":1080,"url":"https:\/\/boreagreenawards.com\/wp-content\/uploads\/2023\/10\/cropped-bga-vert-et-bleu-or-min.webp","type":"image\/webp"}],"twitter_card":"summary_large_image","twitter_misc":{"Dur\u00e9e de lecture estim\u00e9e":"1 minute"},"schema":{"@context":"https:\/\/schema.org","@graph":[{"@type":"WebPage","@id":"https:\/\/boreagreenawards.com\/index.php\/prix-de-lengagement-environnemental-paprec-recompensee-aux-borea-green-awards-2025\/","url":"https:\/\/boreagreenawards.com\/index.php\/prix-de-lengagement-environnemental-paprec-recompensee-aux-borea-green-awards-2025\/","name":"Prix de l\u2019engagement environnemental - Paprec r\u00e9compens\u00e9e aux borea green awards 2025 - borea green awards","isPartOf":{"@id":"https:\/\/boreagreenawards.com\/#website"},"datePublished":"2025-11-28T15:52:19+00:00","dateModified":"2025-11-28T15:53:09+00:00","description":"Les borea green awards r\u00e9compensent des acteurs cl\u00e9s de la transition \u00e9nerg\u00e9tique.","breadcrumb":{"@id":"https:\/\/boreagreenawards.com\/index.php\/prix-de-lengagement-environnemental-paprec-recompensee-aux-borea-green-awards-2025\/#breadcrumb"},"inLanguage":"fr-FR","potentialAction":[{"@type":"ReadAction","target":["https:\/\/boreagreenawards.com\/index.php\/prix-de-lengagement-environnemental-paprec-recompensee-aux-borea-green-awards-2025\/"]}]},{"@type":"BreadcrumbList","@id":"https:\/\/boreagreenawards.com\/index.php\/prix-de-lengagement-environnemental-paprec-recompensee-aux-borea-green-awards-2025\/#breadcrumb","itemListElement":[{"@type":"ListItem","position":1,"name":"Accueil","item":"https:\/\/boreagreenawards.com\/"},{"@type":"ListItem","position":2,"name":"Prix de l\u2019engagement environnemental &#8211; Paprec r\u00e9compens\u00e9e aux borea green awards 2025"}]},{"@type":"WebSite","@id":"https:\/\/boreagreenawards.com\/#website","url":"https:\/\/boreagreenawards.com\/","name":"borea green awards","description":"C\u00e9r\u00e9monie de r\u00e9compense dans les \u00e9nergies vertes","publisher":{"@id":"https:\/\/boreagreenawards.com\/#organization"},"potentialAction":[{"@type":"SearchAction","target":{"@type":"EntryPoint","urlTemplate":"https:\/\/boreagreenawards.com\/?s={search_term_string}"},"query-input":{"@type":"PropertyValueSpecification","valueRequired":true,"valueName":"search_term_string"}}],"inLanguage":"fr-FR"},{"@type":"Organization","@id":"https:\/\/boreagreenawards.com\/#organization","name":"borea green awards","url":"https:\/\/boreagreenawards.com\/","logo":{"@type":"ImageObject","inLanguage":"fr-FR","@id":"https:\/\/boreagreenawards.com\/#\/schema\/logo\/image\/","url":"https:\/\/boreagreenawards.com\/wp-content\/uploads\/2023\/10\/cropped-bga-vert-et-bleu-or-min.webp","contentUrl":"https:\/\/boreagreenawards.com\/wp-content\/uploads\/2023\/10\/cropped-bga-vert-et-bleu-or-min.webp","width":1919,"height":1080,"caption":"borea green awards"},"image":{"@id":"https:\/\/boreagreenawards.com\/#\/schema\/logo\/image\/"},"sameAs":["https:\/\/www.linkedin.com\/company\/borea-recrutement"]}]}},"_links":{"self":[{"href":"https:\/\/boreagreenawards.com\/index.php\/wp-json\/wp\/v2\/pages\/6313","targetHints":{"allow":["GET"]}}],"collection":[{"href":"https:\/\/boreagreenawards.com\/index.php\/wp-json\/wp\/v2\/pages"}],"about":[{"href":"https:\/\/boreagreenawards.com\/index.php\/wp-json\/wp\/v2\/types\/page"}],"author":[{"embeddable":true,"href":"https:\/\/boreagreenawards.com\/index.php\/wp-json\/wp\/v2\/users\/1"}],"replies":[{"embeddable":true,"href":"https:\/\/boreagreenawards.com\/index.php\/wp-json\/wp\/v2\/comments?post=6313"}],"version-history":[{"count":3,"href":"https:\/\/boreagreenawards.com\/index.php\/wp-json\/wp\/v2\/pages\/6313\/revisions"}],"predecessor-version":[{"id":6316,"href":"https:\/\/boreagreenawards.com\/index.php\/wp-json\/wp\/v2\/pages\/6313\/revisions\/6316"}],"wp:attachment":[{"href":"https:\/\/boreagreenawards.com\/index.php\/wp-json\/wp\/v2\/media?parent=6313"}],"curies":[{"name":"wp","href":"https:\/\/api.w.org\/{rel}","templated":true}]}}