{"id":6148,"date":"2025-11-17T14:42:32","date_gmt":"2025-11-17T13:42:32","guid":{"rendered":"https:\/\/boreagreenawards.com\/?page_id=6148"},"modified":"2025-11-17T15:32:23","modified_gmt":"2025-11-17T14:32:23","slug":"borea-green-awards-medias","status":"publish","type":"page","link":"https:\/\/boreagreenawards.com\/index.php\/borea-green-awards-medias\/","title":{"rendered":"borea green awards m\u00e9dias"},"content":{"rendered":"\n<div class=\"wp-block-cb-carousel-v2 cb-carousel-block cb-single-slide\" data-cb-slides-per-view=\"1\" data-cb-slides-per-group=\"1\" data-cb-space-between=\"15\" data-cb-speed=\"300\" data-cb-navigation=\"true\" data-cb-autoplay=\"true\" data-cb-autoplay-speed=\"3000\" data-cb-breakpoints=\"{&quot;768&quot;:{&quot;slidesPerView&quot;:1,&quot;slidesPerGroup&quot;:1}}\"><div class=\"swiper\"><div class=\"cb-wrapper swiper-wrapper\">\n<div class=\"wp-block-cb-slide-v2 cb-slide swiper-slide\">\n<figure class=\"wp-block-image size-full\"><img loading=\"lazy\" decoding=\"async\" width=\"650\" height=\"450\" src=\"http:\/\/boreagreenawards.com\/wp-content\/uploads\/2024\/10\/borea_green_awards_2024_30.jpg\" alt=\"\" class=\"wp-image-5957\" style=\"aspect-ratio:16\/9;object-fit:cover\" srcset=\"https:\/\/boreagreenawards.com\/wp-content\/uploads\/2024\/10\/borea_green_awards_2024_30.jpg 650w, https:\/\/boreagreenawards.com\/wp-content\/uploads\/2024\/10\/borea_green_awards_2024_30-300x208.jpg 300w\" sizes=\"auto, (max-width: 650px) 100vw, 650px\" \/><\/figure>\n<\/div>\n\n\n\n<div class=\"wp-block-cb-slide-v2 cb-slide swiper-slide\">\n<figure class=\"wp-block-image size-full\"><img loading=\"lazy\" decoding=\"async\" width=\"1772\" height=\"1181\" src=\"http:\/\/boreagreenawards.com\/wp-content\/uploads\/2024\/07\/180924-Montpellier-1772-x-1181-px.jpg\" alt=\"\" class=\"wp-image-5793\" style=\"aspect-ratio:16\/9;object-fit:cover\" srcset=\"https:\/\/boreagreenawards.com\/wp-content\/uploads\/2024\/07\/180924-Montpellier-1772-x-1181-px.jpg 1772w, https:\/\/boreagreenawards.com\/wp-content\/uploads\/2024\/07\/180924-Montpellier-1772-x-1181-px-300x200.jpg 300w, https:\/\/boreagreenawards.com\/wp-content\/uploads\/2024\/07\/180924-Montpellier-1772-x-1181-px-1024x682.jpg 1024w, https:\/\/boreagreenawards.com\/wp-content\/uploads\/2024\/07\/180924-Montpellier-1772-x-1181-px-768x512.jpg 768w, https:\/\/boreagreenawards.com\/wp-content\/uploads\/2024\/07\/180924-Montpellier-1772-x-1181-px-1536x1024.jpg 1536w\" sizes=\"auto, (max-width: 1772px) 100vw, 1772px\" \/><\/figure>\n<\/div>\n\n\n\n<div class=\"wp-block-cb-slide-v2 cb-slide swiper-slide\">\n<figure class=\"wp-block-image size-full\"><img loading=\"lazy\" decoding=\"async\" width=\"1772\" height=\"1181\" src=\"https:\/\/boreagreenawards.com\/wp-content\/uploads\/2024\/07\/180924-Montpellier-1772-x-1181-px.jpg\" alt=\"\" class=\"wp-image-5793\" style=\"aspect-ratio:16\/9;object-fit:cover\" srcset=\"https:\/\/boreagreenawards.com\/wp-content\/uploads\/2024\/07\/180924-Montpellier-1772-x-1181-px.jpg 1772w, https:\/\/boreagreenawards.com\/wp-content\/uploads\/2024\/07\/180924-Montpellier-1772-x-1181-px-300x200.jpg 300w, https:\/\/boreagreenawards.com\/wp-content\/uploads\/2024\/07\/180924-Montpellier-1772-x-1181-px-1024x682.jpg 1024w, https:\/\/boreagreenawards.com\/wp-content\/uploads\/2024\/07\/180924-Montpellier-1772-x-1181-px-768x512.jpg 768w, https:\/\/boreagreenawards.com\/wp-content\/uploads\/2024\/07\/180924-Montpellier-1772-x-1181-px-1536x1024.jpg 1536w\" sizes=\"auto, (max-width: 1772px) 100vw, 1772px\" \/><\/figure>\n<\/div>\n<\/div><\/div><div class=\"cb-button-prev swiper-button-prev\"><\/div><div class=\"cb-button-next swiper-button-next\"><\/div><\/div>\n\n\n\n<div class=\"wp-block-cb-carousel-v2 cb-carousel-block cb-rtl\" data-cb-slides-per-view=\"1\" data-cb-slides-per-group=\"1\" data-cb-space-between=\"0\" data-cb-speed=\"300\" data-cb-navigation=\"true\" dir=\"rtl\" data-cb-breakpoints=\"{&quot;768&quot;:{&quot;slidesPerView&quot;:5,&quot;slidesPerGroup&quot;:1}}\"><div class=\"swiper\"><div class=\"cb-wrapper swiper-wrapper\">\n<div class=\"wp-block-cb-slide-v2 cb-slide swiper-slide\">\n<figure class=\"wp-block-image size-full is-style-default\"><img loading=\"lazy\" decoding=\"async\" width=\"200\" height=\"260\" src=\"https:\/\/boreagreenawards.com\/wp-content\/uploads\/2025\/11\/TEST.jpg\" alt=\"\" class=\"wp-image-6203\" style=\"object-fit:contain\"\/><\/figure>\n<\/div>\n\n\n\n<div class=\"wp-block-cb-slide-v2 cb-slide swiper-slide\">\n<figure class=\"wp-block-image size-full\"><img loading=\"lazy\" decoding=\"async\" width=\"200\" height=\"260\" src=\"http:\/\/boreagreenawards.com\/wp-content\/uploads\/2025\/11\/TEST.jpg\" alt=\"\" class=\"wp-image-6203\" style=\"object-fit:contain\"\/><\/figure>\n<\/div>\n\n\n\n<div class=\"wp-block-cb-slide-v2 cb-slide swiper-slide\">\n<figure class=\"wp-block-image size-full\"><img loading=\"lazy\" decoding=\"async\" width=\"200\" height=\"260\" src=\"http:\/\/boreagreenawards.com\/wp-content\/uploads\/2025\/11\/TEST.jpg\" alt=\"\" class=\"wp-image-6203\" style=\"object-fit:contain\"\/><\/figure>\n<\/div>\n\n\n\n<div class=\"wp-block-cb-slide-v2 cb-slide swiper-slide\">\n<figure class=\"wp-block-image size-full\"><img loading=\"lazy\" decoding=\"async\" width=\"200\" height=\"260\" src=\"http:\/\/boreagreenawards.com\/wp-content\/uploads\/2025\/11\/TEST.jpg\" alt=\"\" class=\"wp-image-6203\" style=\"object-fit:contain\"\/><\/figure>\n<\/div>\n\n\n\n<div class=\"wp-block-cb-slide-v2 cb-slide swiper-slide\">\n<figure class=\"wp-block-image size-full\"><img loading=\"lazy\" decoding=\"async\" width=\"200\" height=\"260\" src=\"http:\/\/boreagreenawards.com\/wp-content\/uploads\/2025\/11\/TEST.jpg\" alt=\"\" class=\"wp-image-6203\" style=\"object-fit:contain\"\/><\/figure>\n<\/div>\n\n\n\n<div class=\"wp-block-cb-slide-v2 cb-slide swiper-slide\">\n<figure class=\"wp-block-image size-full\"><img loading=\"lazy\" decoding=\"async\" width=\"200\" height=\"260\" src=\"http:\/\/boreagreenawards.com\/wp-content\/uploads\/2025\/11\/TEST.jpg\" alt=\"\" class=\"wp-image-6203\" style=\"object-fit:contain\"\/><\/figure>\n<\/div>\n<\/div><\/div><div class=\"cb-button-prev swiper-button-prev\"><\/div><div class=\"cb-button-next swiper-button-next\"><\/div><\/div>\n\n\n\n<p><\/p>\n","protected":false},"excerpt":{"rendered":"","protected":false},"author":1,"featured_media":0,"parent":0,"menu_order":0,"comment_status":"closed","ping_status":"closed","template":"","meta":{"footnotes":""},"class_list":["post-6148","page","type-page","status-publish"],"yoast_head":"<!-- This site is optimized with the Yoast SEO plugin v27.1.1 - https:\/\/yoast.com\/product\/yoast-seo-wordpress\/ -->\n<title>borea green awards m\u00e9dias - borea green awards<\/title>\n<meta name=\"description\" content=\"Les borea green awards r\u00e9compensent des acteurs cl\u00e9s de la transition \u00e9nerg\u00e9tique.\" \/>\n<meta name=\"robots\" content=\"index, follow, max-snippet:-1, max-image-preview:large, max-video-preview:-1\" \/>\n<link rel=\"canonical\" href=\"https:\/\/boreagreenawards.com\/index.php\/borea-green-awards-medias\/\" \/>\n<meta property=\"og:locale\" content=\"fr_FR\" \/>\n<meta property=\"og:type\" content=\"article\" \/>\n<meta property=\"og:title\" content=\"borea green awards m\u00e9dias - borea green awards\" \/>\n<meta property=\"og:description\" content=\"Les borea green awards r\u00e9compensent des acteurs cl\u00e9s de la transition \u00e9nerg\u00e9tique.\" \/>\n<meta property=\"og:url\" content=\"https:\/\/boreagreenawards.com\/index.php\/borea-green-awards-medias\/\" \/>\n<meta property=\"og:site_name\" content=\"borea green awards\" \/>\n<meta property=\"article:modified_time\" content=\"2025-11-17T14:32:23+00:00\" \/>\n<meta property=\"og:image\" content=\"https:\/\/boreagreenawards.com\/wp-content\/uploads\/2024\/10\/borea_green_awards_2024_30.jpg\" \/>\n\t<meta property=\"og:image:width\" content=\"650\" \/>\n\t<meta property=\"og:image:height\" content=\"450\" \/>\n\t<meta property=\"og:image:type\" content=\"image\/jpeg\" \/>\n<meta name=\"twitter:card\" content=\"summary_large_image\" \/>\n<meta name=\"twitter:label1\" content=\"Dur\u00e9e de lecture estim\u00e9e\" \/>\n\t<meta name=\"twitter:data1\" content=\"2 minutes\" \/>\n<script type=\"application\/ld+json\" class=\"yoast-schema-graph\">{\"@context\":\"https:\/\/schema.org\",\"@graph\":[{\"@type\":\"WebPage\",\"@id\":\"https:\/\/boreagreenawards.com\/index.php\/borea-green-awards-medias\/\",\"url\":\"https:\/\/boreagreenawards.com\/index.php\/borea-green-awards-medias\/\",\"name\":\"borea green awards m\u00e9dias - borea green awards\",\"isPartOf\":{\"@id\":\"https:\/\/boreagreenawards.com\/#website\"},\"primaryImageOfPage\":{\"@id\":\"https:\/\/boreagreenawards.com\/index.php\/borea-green-awards-medias\/#primaryimage\"},\"image\":{\"@id\":\"https:\/\/boreagreenawards.com\/index.php\/borea-green-awards-medias\/#primaryimage\"},\"thumbnailUrl\":\"http:\/\/boreagreenawards.com\/wp-content\/uploads\/2024\/10\/borea_green_awards_2024_30.jpg\",\"datePublished\":\"2025-11-17T13:42:32+00:00\",\"dateModified\":\"2025-11-17T14:32:23+00:00\",\"description\":\"Les borea green awards r\u00e9compensent des acteurs cl\u00e9s de la transition \u00e9nerg\u00e9tique.\",\"breadcrumb\":{\"@id\":\"https:\/\/boreagreenawards.com\/index.php\/borea-green-awards-medias\/#breadcrumb\"},\"inLanguage\":\"fr-FR\",\"potentialAction\":[{\"@type\":\"ReadAction\",\"target\":[\"https:\/\/boreagreenawards.com\/index.php\/borea-green-awards-medias\/\"]}]},{\"@type\":\"ImageObject\",\"inLanguage\":\"fr-FR\",\"@id\":\"https:\/\/boreagreenawards.com\/index.php\/borea-green-awards-medias\/#primaryimage\",\"url\":\"https:\/\/boreagreenawards.com\/wp-content\/uploads\/2024\/10\/borea_green_awards_2024_30.jpg\",\"contentUrl\":\"https:\/\/boreagreenawards.com\/wp-content\/uploads\/2024\/10\/borea_green_awards_2024_30.jpg\",\"width\":650,\"height\":450},{\"@type\":\"BreadcrumbList\",\"@id\":\"https:\/\/boreagreenawards.com\/index.php\/borea-green-awards-medias\/#breadcrumb\",\"itemListElement\":[{\"@type\":\"ListItem\",\"position\":1,\"name\":\"Accueil\",\"item\":\"https:\/\/boreagreenawards.com\/\"},{\"@type\":\"ListItem\",\"position\":2,\"name\":\"borea green awards m\u00e9dias\"}]},{\"@type\":\"WebSite\",\"@id\":\"https:\/\/boreagreenawards.com\/#website\",\"url\":\"https:\/\/boreagreenawards.com\/\",\"name\":\"borea green awards\",\"description\":\"C\u00e9r\u00e9monie de r\u00e9compense dans les \u00e9nergies vertes\",\"publisher\":{\"@id\":\"https:\/\/boreagreenawards.com\/#organization\"},\"potentialAction\":[{\"@type\":\"SearchAction\",\"target\":{\"@type\":\"EntryPoint\",\"urlTemplate\":\"https:\/\/boreagreenawards.com\/?s={search_term_string}\"},\"query-input\":{\"@type\":\"PropertyValueSpecification\",\"valueRequired\":true,\"valueName\":\"search_term_string\"}}],\"inLanguage\":\"fr-FR\"},{\"@type\":\"Organization\",\"@id\":\"https:\/\/boreagreenawards.com\/#organization\",\"name\":\"borea green awards\",\"url\":\"https:\/\/boreagreenawards.com\/\",\"logo\":{\"@type\":\"ImageObject\",\"inLanguage\":\"fr-FR\",\"@id\":\"https:\/\/boreagreenawards.com\/#\/schema\/logo\/image\/\",\"url\":\"https:\/\/boreagreenawards.com\/wp-content\/uploads\/2023\/10\/cropped-bga-vert-et-bleu-or-min.webp\",\"contentUrl\":\"https:\/\/boreagreenawards.com\/wp-content\/uploads\/2023\/10\/cropped-bga-vert-et-bleu-or-min.webp\",\"width\":1919,\"height\":1080,\"caption\":\"borea green awards\"},\"image\":{\"@id\":\"https:\/\/boreagreenawards.com\/#\/schema\/logo\/image\/\"},\"sameAs\":[\"https:\/\/www.linkedin.com\/company\/borea-recrutement\"]}]}<\/script>\n<!-- \/ Yoast SEO plugin. -->","yoast_head_json":{"title":"borea green awards m\u00e9dias - borea green awards","description":"Les borea green awards r\u00e9compensent des acteurs cl\u00e9s de la transition \u00e9nerg\u00e9tique.","robots":{"index":"index","follow":"follow","max-snippet":"max-snippet:-1","max-image-preview":"max-image-preview:large","max-video-preview":"max-video-preview:-1"},"canonical":"https:\/\/boreagreenawards.com\/index.php\/borea-green-awards-medias\/","og_locale":"fr_FR","og_type":"article","og_title":"borea green awards m\u00e9dias - borea green awards","og_description":"Les borea green awards r\u00e9compensent des acteurs cl\u00e9s de la transition \u00e9nerg\u00e9tique.","og_url":"https:\/\/boreagreenawards.com\/index.php\/borea-green-awards-medias\/","og_site_name":"borea green awards","article_modified_time":"2025-11-17T14:32:23+00:00","og_image":[{"width":650,"height":450,"url":"https:\/\/boreagreenawards.com\/wp-content\/uploads\/2024\/10\/borea_green_awards_2024_30.jpg","type":"image\/jpeg"}],"twitter_card":"summary_large_image","twitter_misc":{"Dur\u00e9e de lecture estim\u00e9e":"2 minutes"},"schema":{"@context":"https:\/\/schema.org","@graph":[{"@type":"WebPage","@id":"https:\/\/boreagreenawards.com\/index.php\/borea-green-awards-medias\/","url":"https:\/\/boreagreenawards.com\/index.php\/borea-green-awards-medias\/","name":"borea green awards m\u00e9dias - borea green awards","isPartOf":{"@id":"https:\/\/boreagreenawards.com\/#website"},"primaryImageOfPage":{"@id":"https:\/\/boreagreenawards.com\/index.php\/borea-green-awards-medias\/#primaryimage"},"image":{"@id":"https:\/\/boreagreenawards.com\/index.php\/borea-green-awards-medias\/#primaryimage"},"thumbnailUrl":"http:\/\/boreagreenawards.com\/wp-content\/uploads\/2024\/10\/borea_green_awards_2024_30.jpg","datePublished":"2025-11-17T13:42:32+00:00","dateModified":"2025-11-17T14:32:23+00:00","description":"Les borea green awards r\u00e9compensent des acteurs cl\u00e9s de la transition \u00e9nerg\u00e9tique.","breadcrumb":{"@id":"https:\/\/boreagreenawards.com\/index.php\/borea-green-awards-medias\/#breadcrumb"},"inLanguage":"fr-FR","potentialAction":[{"@type":"ReadAction","target":["https:\/\/boreagreenawards.com\/index.php\/borea-green-awards-medias\/"]}]},{"@type":"ImageObject","inLanguage":"fr-FR","@id":"https:\/\/boreagreenawards.com\/index.php\/borea-green-awards-medias\/#primaryimage","url":"https:\/\/boreagreenawards.com\/wp-content\/uploads\/2024\/10\/borea_green_awards_2024_30.jpg","contentUrl":"https:\/\/boreagreenawards.com\/wp-content\/uploads\/2024\/10\/borea_green_awards_2024_30.jpg","width":650,"height":450},{"@type":"BreadcrumbList","@id":"https:\/\/boreagreenawards.com\/index.php\/borea-green-awards-medias\/#breadcrumb","itemListElement":[{"@type":"ListItem","position":1,"name":"Accueil","item":"https:\/\/boreagreenawards.com\/"},{"@type":"ListItem","position":2,"name":"borea green awards m\u00e9dias"}]},{"@type":"WebSite","@id":"https:\/\/boreagreenawards.com\/#website","url":"https:\/\/boreagreenawards.com\/","name":"borea green awards","description":"C\u00e9r\u00e9monie de r\u00e9compense dans les \u00e9nergies vertes","publisher":{"@id":"https:\/\/boreagreenawards.com\/#organization"},"potentialAction":[{"@type":"SearchAction","target":{"@type":"EntryPoint","urlTemplate":"https:\/\/boreagreenawards.com\/?s={search_term_string}"},"query-input":{"@type":"PropertyValueSpecification","valueRequired":true,"valueName":"search_term_string"}}],"inLanguage":"fr-FR"},{"@type":"Organization","@id":"https:\/\/boreagreenawards.com\/#organization","name":"borea green awards","url":"https:\/\/boreagreenawards.com\/","logo":{"@type":"ImageObject","inLanguage":"fr-FR","@id":"https:\/\/boreagreenawards.com\/#\/schema\/logo\/image\/","url":"https:\/\/boreagreenawards.com\/wp-content\/uploads\/2023\/10\/cropped-bga-vert-et-bleu-or-min.webp","contentUrl":"https:\/\/boreagreenawards.com\/wp-content\/uploads\/2023\/10\/cropped-bga-vert-et-bleu-or-min.webp","width":1919,"height":1080,"caption":"borea green awards"},"image":{"@id":"https:\/\/boreagreenawards.com\/#\/schema\/logo\/image\/"},"sameAs":["https:\/\/www.linkedin.com\/company\/borea-recrutement"]}]}},"_links":{"self":[{"href":"https:\/\/boreagreenawards.com\/index.php\/wp-json\/wp\/v2\/pages\/6148","targetHints":{"allow":["GET"]}}],"collection":[{"href":"https:\/\/boreagreenawards.com\/index.php\/wp-json\/wp\/v2\/pages"}],"about":[{"href":"https:\/\/boreagreenawards.com\/index.php\/wp-json\/wp\/v2\/types\/page"}],"author":[{"embeddable":true,"href":"https:\/\/boreagreenawards.com\/index.php\/wp-json\/wp\/v2\/users\/1"}],"replies":[{"embeddable":true,"href":"https:\/\/boreagreenawards.com\/index.php\/wp-json\/wp\/v2\/comments?post=6148"}],"version-history":[{"count":31,"href":"https:\/\/boreagreenawards.com\/index.php\/wp-json\/wp\/v2\/pages\/6148\/revisions"}],"predecessor-version":[{"id":6207,"href":"https:\/\/boreagreenawards.com\/index.php\/wp-json\/wp\/v2\/pages\/6148\/revisions\/6207"}],"wp:attachment":[{"href":"https:\/\/boreagreenawards.com\/index.php\/wp-json\/wp\/v2\/media?parent=6148"}],"curies":[{"name":"wp","href":"https:\/\/api.w.org\/{rel}","templated":true}]}}