{"id":5823,"date":"2024-09-05T15:05:57","date_gmt":"2024-09-05T13:05:57","guid":{"rendered":"https:\/\/boreagreenawards.com\/?page_id=5823"},"modified":"2025-07-17T16:56:57","modified_gmt":"2025-07-17T14:56:57","slug":"partenariat","status":"publish","type":"page","link":"https:\/\/boreagreenawards.com\/index.php\/partenariat\/","title":{"rendered":"Partenariat"},"content":{"rendered":"\n<h2 class=\"gb-headline gb-headline-2a00b80a gb-headline-text\">Demande de partenariat<\/h2>\n\n\n\n<p><strong>Envie de faire rayonner votre engagement ?<\/strong><br>Que vous soyez une entreprise, une marque, un acteur local ou un m\u00e9dia, les borea green awards sont l\u2019occasion de mettre en lumi\u00e8re votre d\u00e9marche en faveur de la transition \u00e9nerg\u00e9tique. Nos partenaires b\u00e9n\u00e9ficient d\u2019une visibilit\u00e9 sur nos supports de communication, nos r\u00e9seaux sociaux, et bien s\u00fbr lors de la c\u00e9r\u00e9monie.<\/p>\n\n\n\n<p>Vous avez une id\u00e9e, un projet ou une envie de soutien ? Partagez-nous votre message ! Chaque proposition est lue avec attention, et nous reviendrons rapidement vers vous.<\/p>\n\n\n\n<div class=\"forminator-guttenberg\"><div class=\"forminator-ui forminator-custom-form forminator-custom-form-6104 forminator-design--default  forminator_ajax\" data-forminator-render=\"0\" data-form=\"forminator-module-6104\" data-uid=\"69f742d20b9d0\"><br\/><\/div><form\n\t\t\t\tid=\"forminator-module-6104\"\n\t\t\t\tclass=\"forminator-ui forminator-custom-form forminator-custom-form-6104 forminator-design--default  forminator_ajax\"\n\t\t\t\tmethod=\"post\"\n\t\t\t\tdata-forminator-render=\"0\"\n\t\t\t\tdata-form-id=\"6104\"\n\t\t\t\t data-color-option=\"theme\" data-design=\"default\" data-grid=\"open\" style=\"display: none;\"\n\t\t\t\tdata-uid=\"69f742d20b9d0\"\n\t\t\t><div role=\"alert\" aria-live=\"polite\" class=\"forminator-response-message forminator-error\" aria-hidden=\"true\"><\/div><div class=\"forminator-row\"><div id=\"name-1\" class=\"forminator-field-name forminator-col forminator-col-6 \"><div class=\"forminator-field\"><label for=\"forminator-field-name-1_69f742d20b9d0\" id=\"forminator-field-name-1_69f742d20b9d0-label\" class=\"forminator-label\">Pr\u00e9nom <span class=\"forminator-required\">*<\/span><\/label><input type=\"text\" name=\"name-1\" value=\"\" placeholder=\"Par exemple\u00a0: Jean\" id=\"forminator-field-name-1_69f742d20b9d0\" class=\"forminator-input forminator-name--field\" aria-required=\"true\" autocomplete=\"name\" \/><\/div><\/div><div id=\"name-2\" class=\"forminator-field-name forminator-col forminator-col-6 \"><div class=\"forminator-field\"><label for=\"forminator-field-name-2_69f742d20b9d0\" id=\"forminator-field-name-2_69f742d20b9d0-label\" class=\"forminator-label\">Nom<\/label><input type=\"text\" name=\"name-2\" value=\"\" placeholder=\"Par exemple\u00a0: Jacques Martin\" id=\"forminator-field-name-2_69f742d20b9d0\" class=\"forminator-input forminator-name--field\" aria-required=\"false\" autocomplete=\"name\" \/><\/div><\/div><\/div><div class=\"forminator-row\"><div id=\"email-1\" class=\"forminator-field-email forminator-col forminator-col-12 \"><div class=\"forminator-field\"><label for=\"forminator-field-email-1_69f742d20b9d0\" id=\"forminator-field-email-1_69f742d20b9d0-label\" class=\"forminator-label\">Adresse de messagerie <span class=\"forminator-required\">*<\/span><\/label><input type=\"email\" name=\"email-1\" value=\"\" placeholder=\"Par exemple\u00a0: jacques@martin.com\" id=\"forminator-field-email-1_69f742d20b9d0\" class=\"forminator-input forminator-email--field\" data-required=\"true\" aria-required=\"true\" autocomplete=\"email\" \/><\/div><\/div><\/div><div class=\"forminator-row\"><div id=\"phone-1\" class=\"forminator-field-phone forminator-col forminator-col-12 \"><div class=\"forminator-field\"><label for=\"forminator-field-phone-1_69f742d20b9d0\" id=\"forminator-field-phone-1_69f742d20b9d0-label\" class=\"forminator-label\">Num\u00e9ro de t\u00e9l\u00e9phone<\/label><input type=\"text\" name=\"phone-1\" value=\"\" placeholder=\"Par exemple\u00a0: +1 02 03 04 05\" id=\"forminator-field-phone-1_69f742d20b9d0\" class=\"forminator-input forminator-field--phone\" data-required=\"\" aria-required=\"false\" autocomplete=\"off\" \/><\/div><\/div><\/div><div class=\"forminator-row\"><div id=\"textarea-1\" class=\"forminator-field-textarea forminator-col forminator-col-12 \"><div class=\"forminator-field\"><label for=\"forminator-field-textarea-1_69f742d20b9d0\" id=\"forminator-field-textarea-1_69f742d20b9d0-label\" class=\"forminator-label\">Message <span class=\"forminator-required\">*<\/span><\/label><span id=\"forminator-field-textarea-1_69f742d20b9d0-description\" class=\"forminator-description\"><span data-limit=\"180\" data-type=\"characters\" data-editor=\"\">0 \/ 180<\/span><\/span><textarea name=\"textarea-1\" placeholder=\"Expliquez-nous votre envie de partenariat\" id=\"forminator-field-textarea-1_69f742d20b9d0\" class=\"forminator-textarea\" rows=\"6\" style=\"min-height:140px;\" maxlength=\"180\" ><\/textarea><\/div><\/div><\/div><div class=\"forminator-row\"><div id=\"consent-1\" class=\"forminator-field-consent forminator-col forminator-col-12 \"><div class=\"forminator-field\"><label for=\"forminator-field-consent-1_69f742d20b9d0\" id=\"forminator-field-consent-1_69f742d20b9d0-label\" class=\"forminator-label\">Consentement <span class=\"forminator-required\">*<\/span><\/label><div class=\"forminator-checkbox__wrapper\"><label id=\"forminator-field-consent-1_69f742d20b9d0__label\" class=\"forminator-checkbox forminator-consent\" aria-labelledby=\"forminator-field-consent-1_69f742d20b9d0-label\"><input type=\"checkbox\" name=\"consent-1\" id=\"forminator-field-consent-1_69f742d20b9d0\" value=\"checked\" aria-labelledby=\"forminator-field-consent-1_69f742d20b9d0-label\" aria-describedby=\"forminator-field-consent-1_69f742d20b9d0__description\" data-required=\"true\" aria-required=\"true\" \/><span class=\"forminator-checkbox-box\" aria-hidden=\"true\"><\/span><\/label><div id=\"forminator-field-consent-1_69f742d20b9d0__description\" class=\"forminator-checkbox__label forminator-consent__label\"><p>J'accepte la <a rel=\"noopener\" target=\"_blank\" href=\"https:\/\/boreagreenawards.com\/index.php\/politique-de-confidentialite\/\">politique de confidentialit\u00e9.<\/a><\/p><\/div><\/div><\/div><\/div><\/div><input type=\"hidden\" name=\"referer_url\" value=\"\" \/><div class=\"forminator-row forminator-row-last\"><div class=\"forminator-col\"><div class=\"forminator-field\"><button class=\"forminator-button forminator-button-submit\">Envoyer le message<\/button><\/div><\/div><\/div><input type=\"hidden\" id=\"forminator_nonce\" name=\"forminator_nonce\" value=\"19ba5b952a\" \/><input type=\"hidden\" name=\"_wp_http_referer\" value=\"\/index.php\/wp-json\/wp\/v2\/pages\/5823\" \/><input type=\"hidden\" name=\"form_id\" value=\"6104\"><input type=\"hidden\" name=\"page_id\" value=\"5823\"><input type=\"hidden\" name=\"form_type\" value=\"default\"><input type=\"hidden\" name=\"current_url\" value=\"https:\/\/boreagreenawards.com\/index.php\/partenariat\/\"><input type=\"hidden\" name=\"render_id\" value=\"0\"><input type=\"hidden\" name=\"action\" value=\"forminator_submit_form_custom-forms\"><\/form><\/div>\n","protected":false},"excerpt":{"rendered":"<p>Demande de partenariat Envie de faire rayonner votre engagement ?Que vous soyez une entreprise, une marque, un acteur local ou un m\u00e9dia, les borea green awards sont l\u2019occasion de mettre en lumi\u00e8re votre d\u00e9marche en faveur de la transition \u00e9nerg\u00e9tique. Nos partenaires b\u00e9n\u00e9ficient d\u2019une visibilit\u00e9 sur nos supports de communication, nos r\u00e9seaux sociaux, et bien &#8230; <a title=\"Partenariat\" class=\"read-more\" href=\"https:\/\/boreagreenawards.com\/index.php\/partenariat\/\" aria-label=\"En savoir plus sur Partenariat\">Lire la suite<\/a><\/p>\n","protected":false},"author":1,"featured_media":0,"parent":0,"menu_order":0,"comment_status":"closed","ping_status":"closed","template":"","meta":{"footnotes":""},"class_list":["post-5823","page","type-page","status-publish"],"yoast_head":"<!-- This site is optimized with the Yoast SEO plugin v27.1.1 - https:\/\/yoast.com\/product\/yoast-seo-wordpress\/ -->\n<title>Partenariat - borea green awards<\/title>\n<meta name=\"description\" content=\"Les borea green awards r\u00e9compensent des acteurs cl\u00e9s de la transition \u00e9nerg\u00e9tique.\" \/>\n<meta name=\"robots\" content=\"index, follow, max-snippet:-1, max-image-preview:large, max-video-preview:-1\" \/>\n<link rel=\"canonical\" href=\"https:\/\/boreagreenawards.com\/index.php\/partenariat\/\" \/>\n<meta property=\"og:locale\" content=\"fr_FR\" \/>\n<meta property=\"og:type\" content=\"article\" \/>\n<meta property=\"og:title\" content=\"Partenariat - borea green awards\" \/>\n<meta property=\"og:description\" content=\"Les borea green awards r\u00e9compensent des acteurs cl\u00e9s de la transition \u00e9nerg\u00e9tique.\" \/>\n<meta property=\"og:url\" content=\"https:\/\/boreagreenawards.com\/index.php\/partenariat\/\" \/>\n<meta property=\"og:site_name\" content=\"borea green awards\" \/>\n<meta property=\"article:modified_time\" content=\"2025-07-17T14:56:57+00:00\" \/>\n<meta property=\"og:image\" content=\"https:\/\/boreagreenawards.com\/wp-content\/uploads\/2023\/10\/cropped-bga-vert-et-bleu-or-min.webp\" \/>\n\t<meta property=\"og:image:width\" content=\"1919\" \/>\n\t<meta property=\"og:image:height\" content=\"1080\" \/>\n\t<meta property=\"og:image:type\" content=\"image\/webp\" \/>\n<meta name=\"twitter:card\" content=\"summary_large_image\" \/>\n<meta name=\"twitter:label1\" content=\"Dur\u00e9e de lecture estim\u00e9e\" \/>\n\t<meta name=\"twitter:data1\" content=\"1 minute\" \/>\n<script type=\"application\/ld+json\" class=\"yoast-schema-graph\">{\"@context\":\"https:\/\/schema.org\",\"@graph\":[{\"@type\":\"WebPage\",\"@id\":\"https:\/\/boreagreenawards.com\/index.php\/partenariat\/\",\"url\":\"https:\/\/boreagreenawards.com\/index.php\/partenariat\/\",\"name\":\"Partenariat - borea green awards\",\"isPartOf\":{\"@id\":\"https:\/\/boreagreenawards.com\/#website\"},\"datePublished\":\"2024-09-05T13:05:57+00:00\",\"dateModified\":\"2025-07-17T14:56:57+00:00\",\"description\":\"Les borea green awards r\u00e9compensent des acteurs cl\u00e9s de la transition \u00e9nerg\u00e9tique.\",\"breadcrumb\":{\"@id\":\"https:\/\/boreagreenawards.com\/index.php\/partenariat\/#breadcrumb\"},\"inLanguage\":\"fr-FR\",\"potentialAction\":[{\"@type\":\"ReadAction\",\"target\":[\"https:\/\/boreagreenawards.com\/index.php\/partenariat\/\"]}]},{\"@type\":\"BreadcrumbList\",\"@id\":\"https:\/\/boreagreenawards.com\/index.php\/partenariat\/#breadcrumb\",\"itemListElement\":[{\"@type\":\"ListItem\",\"position\":1,\"name\":\"Accueil\",\"item\":\"https:\/\/boreagreenawards.com\/\"},{\"@type\":\"ListItem\",\"position\":2,\"name\":\"Partenariat\"}]},{\"@type\":\"WebSite\",\"@id\":\"https:\/\/boreagreenawards.com\/#website\",\"url\":\"https:\/\/boreagreenawards.com\/\",\"name\":\"borea green awards\",\"description\":\"C\u00e9r\u00e9monie de r\u00e9compense dans les \u00e9nergies vertes\",\"publisher\":{\"@id\":\"https:\/\/boreagreenawards.com\/#organization\"},\"potentialAction\":[{\"@type\":\"SearchAction\",\"target\":{\"@type\":\"EntryPoint\",\"urlTemplate\":\"https:\/\/boreagreenawards.com\/?s={search_term_string}\"},\"query-input\":{\"@type\":\"PropertyValueSpecification\",\"valueRequired\":true,\"valueName\":\"search_term_string\"}}],\"inLanguage\":\"fr-FR\"},{\"@type\":\"Organization\",\"@id\":\"https:\/\/boreagreenawards.com\/#organization\",\"name\":\"borea green awards\",\"url\":\"https:\/\/boreagreenawards.com\/\",\"logo\":{\"@type\":\"ImageObject\",\"inLanguage\":\"fr-FR\",\"@id\":\"https:\/\/boreagreenawards.com\/#\/schema\/logo\/image\/\",\"url\":\"https:\/\/boreagreenawards.com\/wp-content\/uploads\/2023\/10\/cropped-bga-vert-et-bleu-or-min.webp\",\"contentUrl\":\"https:\/\/boreagreenawards.com\/wp-content\/uploads\/2023\/10\/cropped-bga-vert-et-bleu-or-min.webp\",\"width\":1919,\"height\":1080,\"caption\":\"borea green awards\"},\"image\":{\"@id\":\"https:\/\/boreagreenawards.com\/#\/schema\/logo\/image\/\"},\"sameAs\":[\"https:\/\/www.linkedin.com\/company\/borea-recrutement\"]}]}<\/script>\n<!-- \/ Yoast SEO plugin. -->","yoast_head_json":{"title":"Partenariat - borea green awards","description":"Les borea green awards r\u00e9compensent des acteurs cl\u00e9s de la transition \u00e9nerg\u00e9tique.","robots":{"index":"index","follow":"follow","max-snippet":"max-snippet:-1","max-image-preview":"max-image-preview:large","max-video-preview":"max-video-preview:-1"},"canonical":"https:\/\/boreagreenawards.com\/index.php\/partenariat\/","og_locale":"fr_FR","og_type":"article","og_title":"Partenariat - borea green awards","og_description":"Les borea green awards r\u00e9compensent des acteurs cl\u00e9s de la transition \u00e9nerg\u00e9tique.","og_url":"https:\/\/boreagreenawards.com\/index.php\/partenariat\/","og_site_name":"borea green awards","article_modified_time":"2025-07-17T14:56:57+00:00","og_image":[{"width":1919,"height":1080,"url":"https:\/\/boreagreenawards.com\/wp-content\/uploads\/2023\/10\/cropped-bga-vert-et-bleu-or-min.webp","type":"image\/webp"}],"twitter_card":"summary_large_image","twitter_misc":{"Dur\u00e9e de lecture estim\u00e9e":"1 minute"},"schema":{"@context":"https:\/\/schema.org","@graph":[{"@type":"WebPage","@id":"https:\/\/boreagreenawards.com\/index.php\/partenariat\/","url":"https:\/\/boreagreenawards.com\/index.php\/partenariat\/","name":"Partenariat - borea green awards","isPartOf":{"@id":"https:\/\/boreagreenawards.com\/#website"},"datePublished":"2024-09-05T13:05:57+00:00","dateModified":"2025-07-17T14:56:57+00:00","description":"Les borea green awards r\u00e9compensent des acteurs cl\u00e9s de la transition \u00e9nerg\u00e9tique.","breadcrumb":{"@id":"https:\/\/boreagreenawards.com\/index.php\/partenariat\/#breadcrumb"},"inLanguage":"fr-FR","potentialAction":[{"@type":"ReadAction","target":["https:\/\/boreagreenawards.com\/index.php\/partenariat\/"]}]},{"@type":"BreadcrumbList","@id":"https:\/\/boreagreenawards.com\/index.php\/partenariat\/#breadcrumb","itemListElement":[{"@type":"ListItem","position":1,"name":"Accueil","item":"https:\/\/boreagreenawards.com\/"},{"@type":"ListItem","position":2,"name":"Partenariat"}]},{"@type":"WebSite","@id":"https:\/\/boreagreenawards.com\/#website","url":"https:\/\/boreagreenawards.com\/","name":"borea green awards","description":"C\u00e9r\u00e9monie de r\u00e9compense dans les \u00e9nergies vertes","publisher":{"@id":"https:\/\/boreagreenawards.com\/#organization"},"potentialAction":[{"@type":"SearchAction","target":{"@type":"EntryPoint","urlTemplate":"https:\/\/boreagreenawards.com\/?s={search_term_string}"},"query-input":{"@type":"PropertyValueSpecification","valueRequired":true,"valueName":"search_term_string"}}],"inLanguage":"fr-FR"},{"@type":"Organization","@id":"https:\/\/boreagreenawards.com\/#organization","name":"borea green awards","url":"https:\/\/boreagreenawards.com\/","logo":{"@type":"ImageObject","inLanguage":"fr-FR","@id":"https:\/\/boreagreenawards.com\/#\/schema\/logo\/image\/","url":"https:\/\/boreagreenawards.com\/wp-content\/uploads\/2023\/10\/cropped-bga-vert-et-bleu-or-min.webp","contentUrl":"https:\/\/boreagreenawards.com\/wp-content\/uploads\/2023\/10\/cropped-bga-vert-et-bleu-or-min.webp","width":1919,"height":1080,"caption":"borea green awards"},"image":{"@id":"https:\/\/boreagreenawards.com\/#\/schema\/logo\/image\/"},"sameAs":["https:\/\/www.linkedin.com\/company\/borea-recrutement"]}]}},"_links":{"self":[{"href":"https:\/\/boreagreenawards.com\/index.php\/wp-json\/wp\/v2\/pages\/5823","targetHints":{"allow":["GET"]}}],"collection":[{"href":"https:\/\/boreagreenawards.com\/index.php\/wp-json\/wp\/v2\/pages"}],"about":[{"href":"https:\/\/boreagreenawards.com\/index.php\/wp-json\/wp\/v2\/types\/page"}],"author":[{"embeddable":true,"href":"https:\/\/boreagreenawards.com\/index.php\/wp-json\/wp\/v2\/users\/1"}],"replies":[{"embeddable":true,"href":"https:\/\/boreagreenawards.com\/index.php\/wp-json\/wp\/v2\/comments?post=5823"}],"version-history":[{"count":12,"href":"https:\/\/boreagreenawards.com\/index.php\/wp-json\/wp\/v2\/pages\/5823\/revisions"}],"predecessor-version":[{"id":6107,"href":"https:\/\/boreagreenawards.com\/index.php\/wp-json\/wp\/v2\/pages\/5823\/revisions\/6107"}],"wp:attachment":[{"href":"https:\/\/boreagreenawards.com\/index.php\/wp-json\/wp\/v2\/media?parent=5823"}],"curies":[{"name":"wp","href":"https:\/\/api.w.org\/{rel}","templated":true}]}}