{"id":5611,"date":"2023-07-10T15:54:14","date_gmt":"2023-07-10T13:54:14","guid":{"rendered":"https:\/\/boreagreenawards.com\/?page_id=5611"},"modified":"2024-10-24T16:17:43","modified_gmt":"2024-10-24T14:17:43","slug":"edition-2023","status":"publish","type":"page","link":"https:\/\/boreagreenawards.com\/index.php\/edition-2023\/","title":{"rendered":"L&rsquo;\u00e9dition 2023"},"content":{"rendered":"\n<p><\/p>\n\n\n<div class=\"gb-container gb-container-5cbbf9a2\">\n\n<h1 class=\"gb-headline gb-headline-12cdc19e gb-headline-text\">L&rsquo;\u00e9dition<\/h1>\n\n\n\n<h2 class=\"gb-headline gb-headline-b243e191 gb-headline-text\">2023<\/h2>\n\n\n\n<p class=\"gb-headline gb-headline-469c3887 gb-headline-text\">borea green awards 2023 <\/p>\n\n\n<div class=\"gb-container gb-container-e5725db7\">\n\n<hr class=\"wp-block-separator has-text-color has-alpha-channel-opacity has-background is-style-wide\" style=\"background-color:#c9bf854f;color:#c9bf854f\"\/>\n\n<\/div>\n<\/div>\n\n\n<figure class=\"wp-block-gallery has-nested-images columns-3 is-cropped has-base-3-background-color has-background wp-block-gallery-1 is-layout-flex wp-block-gallery-is-layout-flex\">\n<figure class=\"wp-block-image size-large\"><img loading=\"lazy\" decoding=\"async\" width=\"1024\" height=\"682\" data-id=\"5545\" src=\"https:\/\/boreagreenawards.com\/wp-content\/uploads\/2023\/06\/BOREAGREENAWARDS-279-1-1024x682.webp\" alt=\"borea green awards 2023\" class=\"wp-image-5545\" srcset=\"https:\/\/boreagreenawards.com\/wp-content\/uploads\/2023\/06\/BOREAGREENAWARDS-279-1-1024x682.webp 1024w, https:\/\/boreagreenawards.com\/wp-content\/uploads\/2023\/06\/BOREAGREENAWARDS-279-1-300x200.webp 300w, https:\/\/boreagreenawards.com\/wp-content\/uploads\/2023\/06\/BOREAGREENAWARDS-279-1-768x512.webp 768w, https:\/\/boreagreenawards.com\/wp-content\/uploads\/2023\/06\/BOREAGREENAWARDS-279-1-1536x1024.webp 1536w, https:\/\/boreagreenawards.com\/wp-content\/uploads\/2023\/06\/BOREAGREENAWARDS-279-1.webp 1772w\" sizes=\"auto, (max-width: 1024px) 100vw, 1024px\" \/><figcaption class=\"wp-element-caption\">Jean-Philippe Burtin, CEO borea avec Fanny Fontaine, Directrice des Op\u00e9rations borea et Michel Valette, Directeur Associ\u00e9 borea.<\/figcaption><\/figure>\n\n\n\n<figure class=\"wp-block-image size-large is-style-default\"><img loading=\"lazy\" decoding=\"async\" width=\"1024\" height=\"682\" data-id=\"5536\" src=\"http:\/\/boreagreenawards.com\/wp-content\/uploads\/2023\/06\/BOREAGREENAWARDS-232-min-1024x682.webp\" alt=\"\" class=\"wp-image-5536\" srcset=\"https:\/\/boreagreenawards.com\/wp-content\/uploads\/2023\/06\/BOREAGREENAWARDS-232-min-1024x682.webp 1024w, https:\/\/boreagreenawards.com\/wp-content\/uploads\/2023\/06\/BOREAGREENAWARDS-232-min-300x200.webp 300w, https:\/\/boreagreenawards.com\/wp-content\/uploads\/2023\/06\/BOREAGREENAWARDS-232-min-768x512.webp 768w, https:\/\/boreagreenawards.com\/wp-content\/uploads\/2023\/06\/BOREAGREENAWARDS-232-min-1536x1024.webp 1536w, https:\/\/boreagreenawards.com\/wp-content\/uploads\/2023\/06\/BOREAGREENAWARDS-232-min.webp 1772w\" sizes=\"auto, (max-width: 1024px) 100vw, 1024px\" \/><figcaption class=\"wp-element-caption\">Michel Delpon, Ambassadeur hydrog\u00e8ne France 2030 remet le prix de l&rsquo;Innovation EnR \u00e0 Jean Cazorla, Head of Business Development chez Ter\u00e9ga Solutions. borea green awards.<\/figcaption><\/figure>\n\n\n\n<figure class=\"wp-block-image size-large\"><img loading=\"lazy\" decoding=\"async\" width=\"683\" height=\"1024\" data-id=\"5538\" src=\"https:\/\/boreagreenawards.com\/wp-content\/uploads\/2023\/06\/BOREAGREENAWARDS-247-min-683x1024.webp\" alt=\"borea green awards, remise de prix.\" class=\"wp-image-5538\" srcset=\"https:\/\/boreagreenawards.com\/wp-content\/uploads\/2023\/06\/BOREAGREENAWARDS-247-min-683x1024.webp 683w, https:\/\/boreagreenawards.com\/wp-content\/uploads\/2023\/06\/BOREAGREENAWARDS-247-min-200x300.webp 200w, https:\/\/boreagreenawards.com\/wp-content\/uploads\/2023\/06\/BOREAGREENAWARDS-247-min-768x1152.webp 768w, https:\/\/boreagreenawards.com\/wp-content\/uploads\/2023\/06\/BOREAGREENAWARDS-247-min-1024x1536.webp 1024w, https:\/\/boreagreenawards.com\/wp-content\/uploads\/2023\/06\/BOREAGREENAWARDS-247-min-1365x2048.webp 1365w, https:\/\/boreagreenawards.com\/wp-content\/uploads\/2023\/06\/BOREAGREENAWARDS-247-min-scaled.webp 1707w\" sizes=\"auto, (max-width: 683px) 100vw, 683px\" \/><figcaption class=\"wp-element-caption\">Jean-Philippe Burtin, CEO borea remet le prix de \u00ab\u00a0l&rsquo;Engagement Environnemental\u00a0\u00bb \u00e0 Marion Delage, Responsable juridique chez Everwatt.<\/figcaption><\/figure>\n\n\n\n<figure class=\"wp-block-image size-large\"><img loading=\"lazy\" decoding=\"async\" width=\"1024\" height=\"682\" data-id=\"5540\" src=\"http:\/\/boreagreenawards.com\/wp-content\/uploads\/2023\/06\/BOREAGREENAWARDS-300-min-1024x682.webp\" alt=\"\" class=\"wp-image-5540\" srcset=\"https:\/\/boreagreenawards.com\/wp-content\/uploads\/2023\/06\/BOREAGREENAWARDS-300-min-1024x682.webp 1024w, https:\/\/boreagreenawards.com\/wp-content\/uploads\/2023\/06\/BOREAGREENAWARDS-300-min-300x200.webp 300w, https:\/\/boreagreenawards.com\/wp-content\/uploads\/2023\/06\/BOREAGREENAWARDS-300-min-768x512.webp 768w, https:\/\/boreagreenawards.com\/wp-content\/uploads\/2023\/06\/BOREAGREENAWARDS-300-min-1536x1024.webp 1536w, https:\/\/boreagreenawards.com\/wp-content\/uploads\/2023\/06\/BOREAGREENAWARDS-300-min.webp 1772w\" sizes=\"auto, (max-width: 1024px) 100vw, 1024px\" \/><figcaption class=\"wp-element-caption\">Jean-Philippe Burtin, CEO borea aux c\u00f4t\u00e9s des laur\u00e9ats des borea green awards.<\/figcaption><\/figure>\n\n\n\n<figure class=\"wp-block-image size-large\"><img loading=\"lazy\" decoding=\"async\" width=\"1024\" height=\"682\" data-id=\"5536\" src=\"https:\/\/boreagreenawards.com\/wp-content\/uploads\/2023\/06\/BOREAGREENAWARDS-232-min-1024x682.webp\" alt=\"\" class=\"wp-image-5536\" srcset=\"https:\/\/boreagreenawards.com\/wp-content\/uploads\/2023\/06\/BOREAGREENAWARDS-232-min-1024x682.webp 1024w, https:\/\/boreagreenawards.com\/wp-content\/uploads\/2023\/06\/BOREAGREENAWARDS-232-min-300x200.webp 300w, https:\/\/boreagreenawards.com\/wp-content\/uploads\/2023\/06\/BOREAGREENAWARDS-232-min-768x512.webp 768w, https:\/\/boreagreenawards.com\/wp-content\/uploads\/2023\/06\/BOREAGREENAWARDS-232-min-1536x1024.webp 1536w, https:\/\/boreagreenawards.com\/wp-content\/uploads\/2023\/06\/BOREAGREENAWARDS-232-min.webp 1772w\" sizes=\"auto, (max-width: 1024px) 100vw, 1024px\" \/><figcaption class=\"wp-element-caption\">Michel Delpon, Ambassadeur hydrog\u00e8ne France 2030 aux c\u00f4t\u00e9s de Jean Cazorla, Head of Business Development chez Ter\u00e9ga Solutions.<\/figcaption><\/figure>\n\n\n\n<figure class=\"wp-block-image size-large\"><img loading=\"lazy\" decoding=\"async\" width=\"1024\" height=\"682\" data-id=\"5535\" src=\"https:\/\/boreagreenawards.com\/wp-content\/uploads\/2023\/06\/BOREAGREENAWARDS-231-min-1024x682.webp\" alt=\"borea green awards, remise de prix.\" class=\"wp-image-5535\" srcset=\"https:\/\/boreagreenawards.com\/wp-content\/uploads\/2023\/06\/BOREAGREENAWARDS-231-min-1024x682.webp 1024w, https:\/\/boreagreenawards.com\/wp-content\/uploads\/2023\/06\/BOREAGREENAWARDS-231-min-300x200.webp 300w, https:\/\/boreagreenawards.com\/wp-content\/uploads\/2023\/06\/BOREAGREENAWARDS-231-min-768x512.webp 768w, https:\/\/boreagreenawards.com\/wp-content\/uploads\/2023\/06\/BOREAGREENAWARDS-231-min-1536x1024.webp 1536w, https:\/\/boreagreenawards.com\/wp-content\/uploads\/2023\/06\/BOREAGREENAWARDS-231-min.webp 1772w\" sizes=\"auto, (max-width: 1024px) 100vw, 1024px\" \/><figcaption class=\"wp-element-caption\">Mr. Guillemin, Adjoint au Maire de Bordeaux remet le prix \u00ab\u00a0Emploi et Comp\u00e9tences Territoriales\u00a0\u00bb \u00e0 Olivier Faucher, Responsable R\u00e9gion chez Vensolair.<\/figcaption><\/figure>\n\n\n\n<figure class=\"wp-block-image size-large\"><img loading=\"lazy\" decoding=\"async\" width=\"1024\" height=\"682\" data-id=\"5533\" src=\"https:\/\/boreagreenawards.com\/wp-content\/uploads\/2023\/06\/BOREAGREENAWARDS-163-min-1024x682.webp\" alt=\"Troph\u00e9es des borea green awards.\" class=\"wp-image-5533\" srcset=\"https:\/\/boreagreenawards.com\/wp-content\/uploads\/2023\/06\/BOREAGREENAWARDS-163-min-1024x682.webp 1024w, https:\/\/boreagreenawards.com\/wp-content\/uploads\/2023\/06\/BOREAGREENAWARDS-163-min-300x200.webp 300w, https:\/\/boreagreenawards.com\/wp-content\/uploads\/2023\/06\/BOREAGREENAWARDS-163-min-768x512.webp 768w, https:\/\/boreagreenawards.com\/wp-content\/uploads\/2023\/06\/BOREAGREENAWARDS-163-min-1536x1024.webp 1536w, https:\/\/boreagreenawards.com\/wp-content\/uploads\/2023\/06\/BOREAGREENAWARDS-163-min.webp 1772w\" sizes=\"auto, (max-width: 1024px) 100vw, 1024px\" \/><figcaption class=\"wp-element-caption\">La C\u00e9r\u00e9monie des borea green awards 2023 r\u00e9compense des acteurs de la transition \u00e9nerg\u00e9tique dans trois cat\u00e9gories : prix de l&rsquo;Innovation EnR, prix Emploi et Comp\u00e9tences Territoriales et Prix de l&rsquo;Engagement Environnemental.<\/figcaption><\/figure>\n\n\n\n<figure class=\"wp-block-image size-large\"><img loading=\"lazy\" decoding=\"async\" width=\"1024\" height=\"682\" data-id=\"5523\" src=\"https:\/\/boreagreenawards.com\/wp-content\/uploads\/2021\/01\/BOREAGREENAWARDS-179-1024x682.jpg\" alt=\"\" class=\"wp-image-5523\" srcset=\"https:\/\/boreagreenawards.com\/wp-content\/uploads\/2021\/01\/BOREAGREENAWARDS-179-1024x682.jpg 1024w, https:\/\/boreagreenawards.com\/wp-content\/uploads\/2021\/01\/BOREAGREENAWARDS-179-300x200.jpg 300w, https:\/\/boreagreenawards.com\/wp-content\/uploads\/2021\/01\/BOREAGREENAWARDS-179-768x512.jpg 768w, https:\/\/boreagreenawards.com\/wp-content\/uploads\/2021\/01\/BOREAGREENAWARDS-179-1536x1024.jpg 1536w, https:\/\/boreagreenawards.com\/wp-content\/uploads\/2021\/01\/BOREAGREENAWARDS-179.jpg 1772w\" sizes=\"auto, (max-width: 1024px) 100vw, 1024px\" \/><figcaption class=\"wp-element-caption\">Jean-Philippe Burtin, CEO borea ouvre la C\u00e9r\u00e9monie des borea green awards pour la premi\u00e8re fois le 20 juin 2023 \u00e0 Bordeaux.<\/figcaption><\/figure>\n<\/figure>\n","protected":false},"excerpt":{"rendered":"<p>L&rsquo;\u00e9dition 2023 borea green awards 2023<\/p>\n","protected":false},"author":1,"featured_media":0,"parent":0,"menu_order":0,"comment_status":"closed","ping_status":"closed","template":"","meta":{"footnotes":""},"class_list":["post-5611","page","type-page","status-publish"],"yoast_head":"<!-- This site is optimized with the Yoast SEO plugin v27.1.1 - https:\/\/yoast.com\/product\/yoast-seo-wordpress\/ -->\n<title>L&#039;\u00e9dition 2023 - borea green awards<\/title>\n<meta name=\"description\" content=\"Les borea green awards r\u00e9compensent des acteurs cl\u00e9s de la transition \u00e9nerg\u00e9tique.\" \/>\n<meta name=\"robots\" content=\"index, follow, max-snippet:-1, max-image-preview:large, max-video-preview:-1\" \/>\n<link rel=\"canonical\" href=\"https:\/\/boreagreenawards.com\/index.php\/edition-2023\/\" \/>\n<meta property=\"og:locale\" content=\"fr_FR\" \/>\n<meta property=\"og:type\" content=\"article\" \/>\n<meta property=\"og:title\" content=\"L&#039;\u00e9dition 2023 - borea green awards\" \/>\n<meta property=\"og:description\" content=\"Les borea green awards r\u00e9compensent des acteurs cl\u00e9s de la transition \u00e9nerg\u00e9tique.\" \/>\n<meta property=\"og:url\" content=\"https:\/\/boreagreenawards.com\/index.php\/edition-2023\/\" \/>\n<meta property=\"og:site_name\" content=\"borea green awards\" \/>\n<meta property=\"article:modified_time\" content=\"2024-10-24T14:17:43+00:00\" \/>\n<meta property=\"og:image\" content=\"https:\/\/boreagreenawards.com\/wp-content\/uploads\/2023\/06\/BOREAGREENAWARDS-279-1-1024x682.webp\" \/>\n<meta name=\"twitter:card\" content=\"summary_large_image\" \/>\n<meta name=\"twitter:label1\" content=\"Dur\u00e9e de lecture estim\u00e9e\" \/>\n\t<meta name=\"twitter:data1\" content=\"3 minutes\" \/>\n<script type=\"application\/ld+json\" class=\"yoast-schema-graph\">{\"@context\":\"https:\/\/schema.org\",\"@graph\":[{\"@type\":\"WebPage\",\"@id\":\"https:\/\/boreagreenawards.com\/index.php\/edition-2023\/\",\"url\":\"https:\/\/boreagreenawards.com\/index.php\/edition-2023\/\",\"name\":\"L'\u00e9dition 2023 - borea green awards\",\"isPartOf\":{\"@id\":\"https:\/\/boreagreenawards.com\/#website\"},\"primaryImageOfPage\":{\"@id\":\"https:\/\/boreagreenawards.com\/index.php\/edition-2023\/#primaryimage\"},\"image\":{\"@id\":\"https:\/\/boreagreenawards.com\/index.php\/edition-2023\/#primaryimage\"},\"thumbnailUrl\":\"https:\/\/boreagreenawards.com\/wp-content\/uploads\/2023\/06\/BOREAGREENAWARDS-279-1-1024x682.webp\",\"datePublished\":\"2023-07-10T13:54:14+00:00\",\"dateModified\":\"2024-10-24T14:17:43+00:00\",\"description\":\"Les borea green awards r\u00e9compensent des acteurs cl\u00e9s de la transition \u00e9nerg\u00e9tique.\",\"breadcrumb\":{\"@id\":\"https:\/\/boreagreenawards.com\/index.php\/edition-2023\/#breadcrumb\"},\"inLanguage\":\"fr-FR\",\"potentialAction\":[{\"@type\":\"ReadAction\",\"target\":[\"https:\/\/boreagreenawards.com\/index.php\/edition-2023\/\"]}]},{\"@type\":\"ImageObject\",\"inLanguage\":\"fr-FR\",\"@id\":\"https:\/\/boreagreenawards.com\/index.php\/edition-2023\/#primaryimage\",\"url\":\"https:\/\/boreagreenawards.com\/wp-content\/uploads\/2023\/06\/BOREAGREENAWARDS-279-1.webp\",\"contentUrl\":\"https:\/\/boreagreenawards.com\/wp-content\/uploads\/2023\/06\/BOREAGREENAWARDS-279-1.webp\",\"width\":1772,\"height\":1181,\"caption\":\"La C\u00e9r\u00e9monie des borea green awards r\u00e9compense des acteurs cl\u00e9s de la transition \u00e9nerg\u00e9tique.\"},{\"@type\":\"BreadcrumbList\",\"@id\":\"https:\/\/boreagreenawards.com\/index.php\/edition-2023\/#breadcrumb\",\"itemListElement\":[{\"@type\":\"ListItem\",\"position\":1,\"name\":\"Accueil\",\"item\":\"https:\/\/boreagreenawards.com\/\"},{\"@type\":\"ListItem\",\"position\":2,\"name\":\"L&#8217;\u00e9dition 2023\"}]},{\"@type\":\"WebSite\",\"@id\":\"https:\/\/boreagreenawards.com\/#website\",\"url\":\"https:\/\/boreagreenawards.com\/\",\"name\":\"borea green awards\",\"description\":\"C\u00e9r\u00e9monie de r\u00e9compense dans les \u00e9nergies vertes\",\"publisher\":{\"@id\":\"https:\/\/boreagreenawards.com\/#organization\"},\"potentialAction\":[{\"@type\":\"SearchAction\",\"target\":{\"@type\":\"EntryPoint\",\"urlTemplate\":\"https:\/\/boreagreenawards.com\/?s={search_term_string}\"},\"query-input\":{\"@type\":\"PropertyValueSpecification\",\"valueRequired\":true,\"valueName\":\"search_term_string\"}}],\"inLanguage\":\"fr-FR\"},{\"@type\":\"Organization\",\"@id\":\"https:\/\/boreagreenawards.com\/#organization\",\"name\":\"borea green awards\",\"url\":\"https:\/\/boreagreenawards.com\/\",\"logo\":{\"@type\":\"ImageObject\",\"inLanguage\":\"fr-FR\",\"@id\":\"https:\/\/boreagreenawards.com\/#\/schema\/logo\/image\/\",\"url\":\"https:\/\/boreagreenawards.com\/wp-content\/uploads\/2023\/10\/cropped-bga-vert-et-bleu-or-min.webp\",\"contentUrl\":\"https:\/\/boreagreenawards.com\/wp-content\/uploads\/2023\/10\/cropped-bga-vert-et-bleu-or-min.webp\",\"width\":1919,\"height\":1080,\"caption\":\"borea green awards\"},\"image\":{\"@id\":\"https:\/\/boreagreenawards.com\/#\/schema\/logo\/image\/\"},\"sameAs\":[\"https:\/\/www.linkedin.com\/company\/borea-recrutement\"]}]}<\/script>\n<!-- \/ Yoast SEO plugin. -->","yoast_head_json":{"title":"L'\u00e9dition 2023 - borea green awards","description":"Les borea green awards r\u00e9compensent des acteurs cl\u00e9s de la transition \u00e9nerg\u00e9tique.","robots":{"index":"index","follow":"follow","max-snippet":"max-snippet:-1","max-image-preview":"max-image-preview:large","max-video-preview":"max-video-preview:-1"},"canonical":"https:\/\/boreagreenawards.com\/index.php\/edition-2023\/","og_locale":"fr_FR","og_type":"article","og_title":"L'\u00e9dition 2023 - borea green awards","og_description":"Les borea green awards r\u00e9compensent des acteurs cl\u00e9s de la transition \u00e9nerg\u00e9tique.","og_url":"https:\/\/boreagreenawards.com\/index.php\/edition-2023\/","og_site_name":"borea green awards","article_modified_time":"2024-10-24T14:17:43+00:00","og_image":[{"url":"https:\/\/boreagreenawards.com\/wp-content\/uploads\/2023\/06\/BOREAGREENAWARDS-279-1-1024x682.webp","type":"","width":"","height":""}],"twitter_card":"summary_large_image","twitter_misc":{"Dur\u00e9e de lecture estim\u00e9e":"3 minutes"},"schema":{"@context":"https:\/\/schema.org","@graph":[{"@type":"WebPage","@id":"https:\/\/boreagreenawards.com\/index.php\/edition-2023\/","url":"https:\/\/boreagreenawards.com\/index.php\/edition-2023\/","name":"L'\u00e9dition 2023 - borea green awards","isPartOf":{"@id":"https:\/\/boreagreenawards.com\/#website"},"primaryImageOfPage":{"@id":"https:\/\/boreagreenawards.com\/index.php\/edition-2023\/#primaryimage"},"image":{"@id":"https:\/\/boreagreenawards.com\/index.php\/edition-2023\/#primaryimage"},"thumbnailUrl":"https:\/\/boreagreenawards.com\/wp-content\/uploads\/2023\/06\/BOREAGREENAWARDS-279-1-1024x682.webp","datePublished":"2023-07-10T13:54:14+00:00","dateModified":"2024-10-24T14:17:43+00:00","description":"Les borea green awards r\u00e9compensent des acteurs cl\u00e9s de la transition \u00e9nerg\u00e9tique.","breadcrumb":{"@id":"https:\/\/boreagreenawards.com\/index.php\/edition-2023\/#breadcrumb"},"inLanguage":"fr-FR","potentialAction":[{"@type":"ReadAction","target":["https:\/\/boreagreenawards.com\/index.php\/edition-2023\/"]}]},{"@type":"ImageObject","inLanguage":"fr-FR","@id":"https:\/\/boreagreenawards.com\/index.php\/edition-2023\/#primaryimage","url":"https:\/\/boreagreenawards.com\/wp-content\/uploads\/2023\/06\/BOREAGREENAWARDS-279-1.webp","contentUrl":"https:\/\/boreagreenawards.com\/wp-content\/uploads\/2023\/06\/BOREAGREENAWARDS-279-1.webp","width":1772,"height":1181,"caption":"La C\u00e9r\u00e9monie des borea green awards r\u00e9compense des acteurs cl\u00e9s de la transition \u00e9nerg\u00e9tique."},{"@type":"BreadcrumbList","@id":"https:\/\/boreagreenawards.com\/index.php\/edition-2023\/#breadcrumb","itemListElement":[{"@type":"ListItem","position":1,"name":"Accueil","item":"https:\/\/boreagreenawards.com\/"},{"@type":"ListItem","position":2,"name":"L&#8217;\u00e9dition 2023"}]},{"@type":"WebSite","@id":"https:\/\/boreagreenawards.com\/#website","url":"https:\/\/boreagreenawards.com\/","name":"borea green awards","description":"C\u00e9r\u00e9monie de r\u00e9compense dans les \u00e9nergies vertes","publisher":{"@id":"https:\/\/boreagreenawards.com\/#organization"},"potentialAction":[{"@type":"SearchAction","target":{"@type":"EntryPoint","urlTemplate":"https:\/\/boreagreenawards.com\/?s={search_term_string}"},"query-input":{"@type":"PropertyValueSpecification","valueRequired":true,"valueName":"search_term_string"}}],"inLanguage":"fr-FR"},{"@type":"Organization","@id":"https:\/\/boreagreenawards.com\/#organization","name":"borea green awards","url":"https:\/\/boreagreenawards.com\/","logo":{"@type":"ImageObject","inLanguage":"fr-FR","@id":"https:\/\/boreagreenawards.com\/#\/schema\/logo\/image\/","url":"https:\/\/boreagreenawards.com\/wp-content\/uploads\/2023\/10\/cropped-bga-vert-et-bleu-or-min.webp","contentUrl":"https:\/\/boreagreenawards.com\/wp-content\/uploads\/2023\/10\/cropped-bga-vert-et-bleu-or-min.webp","width":1919,"height":1080,"caption":"borea green awards"},"image":{"@id":"https:\/\/boreagreenawards.com\/#\/schema\/logo\/image\/"},"sameAs":["https:\/\/www.linkedin.com\/company\/borea-recrutement"]}]}},"_links":{"self":[{"href":"https:\/\/boreagreenawards.com\/index.php\/wp-json\/wp\/v2\/pages\/5611","targetHints":{"allow":["GET"]}}],"collection":[{"href":"https:\/\/boreagreenawards.com\/index.php\/wp-json\/wp\/v2\/pages"}],"about":[{"href":"https:\/\/boreagreenawards.com\/index.php\/wp-json\/wp\/v2\/types\/page"}],"author":[{"embeddable":true,"href":"https:\/\/boreagreenawards.com\/index.php\/wp-json\/wp\/v2\/users\/1"}],"replies":[{"embeddable":true,"href":"https:\/\/boreagreenawards.com\/index.php\/wp-json\/wp\/v2\/comments?post=5611"}],"version-history":[{"count":11,"href":"https:\/\/boreagreenawards.com\/index.php\/wp-json\/wp\/v2\/pages\/5611\/revisions"}],"predecessor-version":[{"id":6056,"href":"https:\/\/boreagreenawards.com\/index.php\/wp-json\/wp\/v2\/pages\/5611\/revisions\/6056"}],"wp:attachment":[{"href":"https:\/\/boreagreenawards.com\/index.php\/wp-json\/wp\/v2\/media?parent=5611"}],"curies":[{"name":"wp","href":"https:\/\/api.w.org\/{rel}","templated":true}]}}