{"id":5464,"date":"2023-06-29T14:11:13","date_gmt":"2023-06-29T12:11:13","guid":{"rendered":"https:\/\/boreagreenawards.com\/?page_id=5464"},"modified":"2023-07-10T15:41:19","modified_gmt":"2023-07-10T13:41:19","slug":"ledition-2023","status":"publish","type":"page","link":"https:\/\/boreagreenawards.com\/index.php\/ledition-2023\/","title":{"rendered":"L&rsquo;\u00e9dition 2023"},"content":{"rendered":"\n<div class=\"wp-block-group alignfull has-base-3-background-color has-background\" style=\"padding-top:6vw;padding-right:6vw;padding-bottom:6vw;padding-left:6vw\"><div class=\"wp-block-group__inner-container is-layout-flow wp-block-group-is-layout-flow\">\n<div class=\"wp-block-group is-vertical is-nowrap is-layout-flex wp-container-core-group-is-layout-287ef9cb wp-block-group-is-layout-flex\" style=\"padding-right:0;padding-left:0\">\n<p class=\"gb-headline gb-headline-469c3887 gb-headline-text\">borea green awards 2023 <\/p>\n\n\n\n<h1 class=\"gb-headline gb-headline-12cdc19e gb-headline-text\"><\/h1>\n<\/div>\n\n\n<div class=\"gb-container gb-container-5cbbf9a2\">\n\n<h1 class=\"gb-headline gb-headline-cdae5607 gb-headline-text\">L&rsquo;\u00e9dition<\/h1>\n\n\n\n<h2 class=\"gb-headline gb-headline-c9bafa8b gb-headline-text\">2023<\/h2>\n\n\n<div class=\"gb-container gb-container-e5725db7\">\n\n<hr class=\"wp-block-separator has-text-color has-alpha-channel-opacity has-background is-style-wide\" style=\"background-color:#c9bf854f;color:#c9bf854f\"\/>\n\n<\/div>\n<\/div>\n\n\n<div class=\"wp-block-group alignwide is-vertical is-nowrap is-layout-flex wp-container-core-group-is-layout-8171334d wp-block-group-is-layout-flex\" style=\"padding-top:0;padding-right:0;padding-bottom:0;padding-left:0\">\n<div class=\"wp-block-columns alignwide is-layout-flex wp-container-core-columns-is-layout-2656d967 wp-block-columns-is-layout-flex\">\n<div class=\"wp-block-column is-layout-flow wp-block-column-is-layout-flow\" style=\"flex-basis:33.38%\">\n<p class=\"has-text-color\" style=\"color:#000000;font-size:17px\">Pour cette premi\u00e8re \u00e9dition, borea a r\u00e9compens\u00e9 3 acteurs de la transition \u00e9nerg\u00e9tique pour leur engagement : <\/p>\n\n\n\n<div class=\"wp-block-columns is-layout-flex wp-container-core-columns-is-layout-9d6595d7 wp-block-columns-is-layout-flex\">\n<div class=\"wp-block-column is-layout-flow wp-block-column-is-layout-flow\" style=\"flex-basis:100%\">\n<ul class=\"wp-block-list\">\n<li style=\"font-size:17px;text-decoration:underline\"><a href=\"https:\/\/www.linkedin.com\/in\/ACoAAA7mTAkBVrUzdXrlzJugxUdWSHscI36tK1I\">Olivier FAUCHER<\/a>, Responsable R\u00e9gion chez\u00a0<a href=\"https:\/\/www.linkedin.com\/company\/vensolair\/\">Vensolair<\/a>, a remport\u00e9 le Prix \u00ab\u00a0Emploi et Comp\u00e9tences Territoriales\u00a0\u00bb. <br><\/li>\n\n\n\n<li style=\"font-size:17px\"><a href=\"https:\/\/www.linkedin.com\/in\/ACoAAAE892EBR0oYURMbWlvjMn8PJSmXM0SJhuE\">Jean CAZORLA<\/a>, Head of Business Development chez\u00a0<a href=\"https:\/\/www.linkedin.com\/company\/ter%C3%A9ga-solutions\/\">Ter\u00e9ga Solutions<\/a>, a \u00e9t\u00e9 r\u00e9compens\u00e9 du Prix de \u00ab\u00a0l&rsquo;Innovation EnR\u00a0\u00bb. <br><\/li>\n\n\n\n<li style=\"font-size:17px\"><a href=\"https:\/\/www.linkedin.com\/in\/ACoAABeaglsB0fEVlWOD5HftHRP-lWRDh72j614\">Marion Delage<\/a>, Responsable Juridique chez\u00a0<a href=\"https:\/\/www.linkedin.com\/company\/everwatt\/\">EverWatt<\/a>, a repr\u00e9sent\u00e9\u00a0<a href=\"https:\/\/www.linkedin.com\/in\/ACoAAAAQvakB_IfHXwEA9AzTy0lKMgOUj4s7o5k\">Andr\u00e9 MAY<\/a>, Pr\u00e9sident d&rsquo;<a href=\"https:\/\/www.linkedin.com\/company\/everwatt\/\">EverWatt<\/a>\u00a0qui a remport\u00e9 le prix de l&rsquo;Engagement Environnemental. <\/li>\n<\/ul>\n<\/div>\n<\/div>\n<\/div>\n\n\n\n<div class=\"wp-block-column is-layout-flow wp-block-column-is-layout-flow\" style=\"flex-basis:33%\">\n<div style=\"height:2vw\" aria-hidden=\"true\" class=\"wp-block-spacer\"><\/div>\n\n\n\n<figure class=\"wp-block-image size-large\"><img loading=\"lazy\" decoding=\"async\" width=\"683\" height=\"1024\" src=\"http:\/\/boreagreenawards.com\/wp-content\/uploads\/2023\/07\/BOREAGREENAWARDS-257-683x1024.jpg\" alt=\"\" class=\"wp-image-5576\" srcset=\"https:\/\/boreagreenawards.com\/wp-content\/uploads\/2023\/07\/BOREAGREENAWARDS-257-683x1024.jpg 683w, https:\/\/boreagreenawards.com\/wp-content\/uploads\/2023\/07\/BOREAGREENAWARDS-257-200x300.jpg 200w, https:\/\/boreagreenawards.com\/wp-content\/uploads\/2023\/07\/BOREAGREENAWARDS-257-768x1152.jpg 768w, https:\/\/boreagreenawards.com\/wp-content\/uploads\/2023\/07\/BOREAGREENAWARDS-257-1024x1536.jpg 1024w, https:\/\/boreagreenawards.com\/wp-content\/uploads\/2023\/07\/BOREAGREENAWARDS-257-1365x2048.jpg 1365w, https:\/\/boreagreenawards.com\/wp-content\/uploads\/2023\/07\/BOREAGREENAWARDS-257-scaled.jpg 1707w\" sizes=\"auto, (max-width: 683px) 100vw, 683px\" \/><\/figure>\n<\/div>\n\n\n\n<div class=\"wp-block-column is-layout-flow wp-block-column-is-layout-flow\" style=\"flex-basis:33.62%\">\n<figure class=\"wp-block-image size-large is-style-default\"><img loading=\"lazy\" decoding=\"async\" width=\"683\" height=\"1024\" src=\"http:\/\/boreagreenawards.com\/wp-content\/uploads\/2023\/06\/BOREAGREENAWARDS-247-min-683x1024.webp\" alt=\"borea green awards, remise de prix.\" class=\"wp-image-5538\" srcset=\"https:\/\/boreagreenawards.com\/wp-content\/uploads\/2023\/06\/BOREAGREENAWARDS-247-min-683x1024.webp 683w, https:\/\/boreagreenawards.com\/wp-content\/uploads\/2023\/06\/BOREAGREENAWARDS-247-min-200x300.webp 200w, https:\/\/boreagreenawards.com\/wp-content\/uploads\/2023\/06\/BOREAGREENAWARDS-247-min-768x1152.webp 768w, https:\/\/boreagreenawards.com\/wp-content\/uploads\/2023\/06\/BOREAGREENAWARDS-247-min-1024x1536.webp 1024w, https:\/\/boreagreenawards.com\/wp-content\/uploads\/2023\/06\/BOREAGREENAWARDS-247-min-1365x2048.webp 1365w, https:\/\/boreagreenawards.com\/wp-content\/uploads\/2023\/06\/BOREAGREENAWARDS-247-min-scaled.webp 1707w\" sizes=\"auto, (max-width: 683px) 100vw, 683px\" \/><figcaption class=\"wp-element-caption\">Jean-Philippe Burtin, CEO de borea remet le prix de \u00ab\u00a0l&rsquo;Engagement Environnemental\u00a0\u00bb \u00e0 Marion Delage, Responsable juridique chez Everwatt.<\/figcaption><\/figure>\n<\/div>\n<\/div>\n\n\n\n<div class=\"wp-block-columns alignwide is-layout-flex wp-container-core-columns-is-layout-724a882f wp-block-columns-is-layout-flex\">\n<div class=\"wp-block-column is-layout-flow wp-block-column-is-layout-flow\" style=\"flex-basis:69%\">\n<figure class=\"wp-block-image size-large\"><img loading=\"lazy\" decoding=\"async\" width=\"1024\" height=\"682\" src=\"http:\/\/boreagreenawards.com\/wp-content\/uploads\/2023\/06\/BOREAGREENAWARDS-300-min-1024x682.webp\" alt=\"\" class=\"wp-image-5540\" srcset=\"https:\/\/boreagreenawards.com\/wp-content\/uploads\/2023\/06\/BOREAGREENAWARDS-300-min-1024x682.webp 1024w, https:\/\/boreagreenawards.com\/wp-content\/uploads\/2023\/06\/BOREAGREENAWARDS-300-min-300x200.webp 300w, https:\/\/boreagreenawards.com\/wp-content\/uploads\/2023\/06\/BOREAGREENAWARDS-300-min-768x512.webp 768w, https:\/\/boreagreenawards.com\/wp-content\/uploads\/2023\/06\/BOREAGREENAWARDS-300-min-1536x1024.webp 1536w, https:\/\/boreagreenawards.com\/wp-content\/uploads\/2023\/06\/BOREAGREENAWARDS-300-min.webp 1772w\" sizes=\"auto, (max-width: 1024px) 100vw, 1024px\" \/><\/figure>\n<\/div>\n\n\n\n<div class=\"wp-block-column is-vertically-aligned-center is-layout-flow wp-block-column-is-layout-flow\" style=\"flex-basis:33%\">\n<div style=\"height:14px\" aria-hidden=\"true\" class=\"wp-block-spacer\"><\/div>\n\n\n\n<p class=\"has-text-color\" style=\"color:#000000;font-size:17px\">&#8230;<\/p>\n<\/div>\n<\/div>\n<\/div>\n<\/div><\/div>\n\n\n\n<hr class=\"wp-block-separator has-text-color has-accent-color has-alpha-channel-opacity has-accent-background-color has-background\"\/>\n","protected":false},"excerpt":{"rendered":"<p>borea green awards 2023 L&rsquo;\u00e9dition 2023 Pour cette premi\u00e8re \u00e9dition, borea a r\u00e9compens\u00e9 3 acteurs de la transition \u00e9nerg\u00e9tique pour leur engagement : &#8230;<\/p>\n","protected":false},"author":1,"featured_media":0,"parent":0,"menu_order":0,"comment_status":"closed","ping_status":"closed","template":"","meta":{"footnotes":""},"class_list":["post-5464","page","type-page","status-publish"],"yoast_head":"<!-- This site is optimized with the Yoast SEO plugin v27.1.1 - https:\/\/yoast.com\/product\/yoast-seo-wordpress\/ -->\n<title>L&#039;\u00e9dition 2023 - borea green awards<\/title>\n<meta name=\"description\" content=\"Les borea green awards r\u00e9compensent des acteurs cl\u00e9s de la transition \u00e9nerg\u00e9tique.\" \/>\n<meta name=\"robots\" content=\"index, follow, max-snippet:-1, max-image-preview:large, max-video-preview:-1\" \/>\n<link rel=\"canonical\" href=\"https:\/\/boreagreenawards.com\/index.php\/ledition-2023\/\" \/>\n<meta property=\"og:locale\" content=\"fr_FR\" \/>\n<meta property=\"og:type\" content=\"article\" \/>\n<meta property=\"og:title\" content=\"L&#039;\u00e9dition 2023 - borea green awards\" \/>\n<meta property=\"og:description\" content=\"Les borea green awards r\u00e9compensent des acteurs cl\u00e9s de la transition \u00e9nerg\u00e9tique.\" \/>\n<meta property=\"og:url\" content=\"https:\/\/boreagreenawards.com\/index.php\/ledition-2023\/\" \/>\n<meta property=\"og:site_name\" content=\"borea green awards\" \/>\n<meta property=\"article:modified_time\" content=\"2023-07-10T13:41:19+00:00\" \/>\n<meta property=\"og:image\" content=\"http:\/\/boreagreenawards.com\/wp-content\/uploads\/2023\/07\/BOREAGREENAWARDS-257-683x1024.jpg\" \/>\n<meta name=\"twitter:card\" content=\"summary_large_image\" \/>\n<script type=\"application\/ld+json\" class=\"yoast-schema-graph\">{\"@context\":\"https:\/\/schema.org\",\"@graph\":[{\"@type\":\"WebPage\",\"@id\":\"https:\/\/boreagreenawards.com\/index.php\/ledition-2023\/\",\"url\":\"https:\/\/boreagreenawards.com\/index.php\/ledition-2023\/\",\"name\":\"L'\u00e9dition 2023 - borea green awards\",\"isPartOf\":{\"@id\":\"https:\/\/boreagreenawards.com\/#website\"},\"primaryImageOfPage\":{\"@id\":\"https:\/\/boreagreenawards.com\/index.php\/ledition-2023\/#primaryimage\"},\"image\":{\"@id\":\"https:\/\/boreagreenawards.com\/index.php\/ledition-2023\/#primaryimage\"},\"thumbnailUrl\":\"http:\/\/boreagreenawards.com\/wp-content\/uploads\/2023\/07\/BOREAGREENAWARDS-257-683x1024.jpg\",\"datePublished\":\"2023-06-29T12:11:13+00:00\",\"dateModified\":\"2023-07-10T13:41:19+00:00\",\"description\":\"Les borea green awards r\u00e9compensent des acteurs cl\u00e9s de la transition \u00e9nerg\u00e9tique.\",\"breadcrumb\":{\"@id\":\"https:\/\/boreagreenawards.com\/index.php\/ledition-2023\/#breadcrumb\"},\"inLanguage\":\"fr-FR\",\"potentialAction\":[{\"@type\":\"ReadAction\",\"target\":[\"https:\/\/boreagreenawards.com\/index.php\/ledition-2023\/\"]}]},{\"@type\":\"ImageObject\",\"inLanguage\":\"fr-FR\",\"@id\":\"https:\/\/boreagreenawards.com\/index.php\/ledition-2023\/#primaryimage\",\"url\":\"https:\/\/boreagreenawards.com\/wp-content\/uploads\/2023\/07\/BOREAGREENAWARDS-257-scaled.jpg\",\"contentUrl\":\"https:\/\/boreagreenawards.com\/wp-content\/uploads\/2023\/07\/BOREAGREENAWARDS-257-scaled.jpg\",\"width\":1707,\"height\":2560},{\"@type\":\"BreadcrumbList\",\"@id\":\"https:\/\/boreagreenawards.com\/index.php\/ledition-2023\/#breadcrumb\",\"itemListElement\":[{\"@type\":\"ListItem\",\"position\":1,\"name\":\"Accueil\",\"item\":\"https:\/\/boreagreenawards.com\/\"},{\"@type\":\"ListItem\",\"position\":2,\"name\":\"L&rsquo;\u00e9dition 2023\"}]},{\"@type\":\"WebSite\",\"@id\":\"https:\/\/boreagreenawards.com\/#website\",\"url\":\"https:\/\/boreagreenawards.com\/\",\"name\":\"borea green awards\",\"description\":\"C\u00e9r\u00e9monie de r\u00e9compense dans les \u00e9nergies vertes\",\"publisher\":{\"@id\":\"https:\/\/boreagreenawards.com\/#organization\"},\"potentialAction\":[{\"@type\":\"SearchAction\",\"target\":{\"@type\":\"EntryPoint\",\"urlTemplate\":\"https:\/\/boreagreenawards.com\/?s={search_term_string}\"},\"query-input\":{\"@type\":\"PropertyValueSpecification\",\"valueRequired\":true,\"valueName\":\"search_term_string\"}}],\"inLanguage\":\"fr-FR\"},{\"@type\":\"Organization\",\"@id\":\"https:\/\/boreagreenawards.com\/#organization\",\"name\":\"borea green awards\",\"url\":\"https:\/\/boreagreenawards.com\/\",\"logo\":{\"@type\":\"ImageObject\",\"inLanguage\":\"fr-FR\",\"@id\":\"https:\/\/boreagreenawards.com\/#\/schema\/logo\/image\/\",\"url\":\"https:\/\/boreagreenawards.com\/wp-content\/uploads\/2023\/10\/cropped-bga-vert-et-bleu-or-min.webp\",\"contentUrl\":\"https:\/\/boreagreenawards.com\/wp-content\/uploads\/2023\/10\/cropped-bga-vert-et-bleu-or-min.webp\",\"width\":1919,\"height\":1080,\"caption\":\"borea green awards\"},\"image\":{\"@id\":\"https:\/\/boreagreenawards.com\/#\/schema\/logo\/image\/\"},\"sameAs\":[\"https:\/\/www.linkedin.com\/company\/borea-recrutement\"]}]}<\/script>\n<!-- \/ Yoast SEO plugin. -->","yoast_head_json":{"title":"L'\u00e9dition 2023 - borea green awards","description":"Les borea green awards r\u00e9compensent des acteurs cl\u00e9s de la transition \u00e9nerg\u00e9tique.","robots":{"index":"index","follow":"follow","max-snippet":"max-snippet:-1","max-image-preview":"max-image-preview:large","max-video-preview":"max-video-preview:-1"},"canonical":"https:\/\/boreagreenawards.com\/index.php\/ledition-2023\/","og_locale":"fr_FR","og_type":"article","og_title":"L'\u00e9dition 2023 - borea green awards","og_description":"Les borea green awards r\u00e9compensent des acteurs cl\u00e9s de la transition \u00e9nerg\u00e9tique.","og_url":"https:\/\/boreagreenawards.com\/index.php\/ledition-2023\/","og_site_name":"borea green awards","article_modified_time":"2023-07-10T13:41:19+00:00","og_image":[{"url":"http:\/\/boreagreenawards.com\/wp-content\/uploads\/2023\/07\/BOREAGREENAWARDS-257-683x1024.jpg","type":"","width":"","height":""}],"twitter_card":"summary_large_image","schema":{"@context":"https:\/\/schema.org","@graph":[{"@type":"WebPage","@id":"https:\/\/boreagreenawards.com\/index.php\/ledition-2023\/","url":"https:\/\/boreagreenawards.com\/index.php\/ledition-2023\/","name":"L'\u00e9dition 2023 - borea green awards","isPartOf":{"@id":"https:\/\/boreagreenawards.com\/#website"},"primaryImageOfPage":{"@id":"https:\/\/boreagreenawards.com\/index.php\/ledition-2023\/#primaryimage"},"image":{"@id":"https:\/\/boreagreenawards.com\/index.php\/ledition-2023\/#primaryimage"},"thumbnailUrl":"http:\/\/boreagreenawards.com\/wp-content\/uploads\/2023\/07\/BOREAGREENAWARDS-257-683x1024.jpg","datePublished":"2023-06-29T12:11:13+00:00","dateModified":"2023-07-10T13:41:19+00:00","description":"Les borea green awards r\u00e9compensent des acteurs cl\u00e9s de la transition \u00e9nerg\u00e9tique.","breadcrumb":{"@id":"https:\/\/boreagreenawards.com\/index.php\/ledition-2023\/#breadcrumb"},"inLanguage":"fr-FR","potentialAction":[{"@type":"ReadAction","target":["https:\/\/boreagreenawards.com\/index.php\/ledition-2023\/"]}]},{"@type":"ImageObject","inLanguage":"fr-FR","@id":"https:\/\/boreagreenawards.com\/index.php\/ledition-2023\/#primaryimage","url":"https:\/\/boreagreenawards.com\/wp-content\/uploads\/2023\/07\/BOREAGREENAWARDS-257-scaled.jpg","contentUrl":"https:\/\/boreagreenawards.com\/wp-content\/uploads\/2023\/07\/BOREAGREENAWARDS-257-scaled.jpg","width":1707,"height":2560},{"@type":"BreadcrumbList","@id":"https:\/\/boreagreenawards.com\/index.php\/ledition-2023\/#breadcrumb","itemListElement":[{"@type":"ListItem","position":1,"name":"Accueil","item":"https:\/\/boreagreenawards.com\/"},{"@type":"ListItem","position":2,"name":"L&rsquo;\u00e9dition 2023"}]},{"@type":"WebSite","@id":"https:\/\/boreagreenawards.com\/#website","url":"https:\/\/boreagreenawards.com\/","name":"borea green awards","description":"C\u00e9r\u00e9monie de r\u00e9compense dans les \u00e9nergies vertes","publisher":{"@id":"https:\/\/boreagreenawards.com\/#organization"},"potentialAction":[{"@type":"SearchAction","target":{"@type":"EntryPoint","urlTemplate":"https:\/\/boreagreenawards.com\/?s={search_term_string}"},"query-input":{"@type":"PropertyValueSpecification","valueRequired":true,"valueName":"search_term_string"}}],"inLanguage":"fr-FR"},{"@type":"Organization","@id":"https:\/\/boreagreenawards.com\/#organization","name":"borea green awards","url":"https:\/\/boreagreenawards.com\/","logo":{"@type":"ImageObject","inLanguage":"fr-FR","@id":"https:\/\/boreagreenawards.com\/#\/schema\/logo\/image\/","url":"https:\/\/boreagreenawards.com\/wp-content\/uploads\/2023\/10\/cropped-bga-vert-et-bleu-or-min.webp","contentUrl":"https:\/\/boreagreenawards.com\/wp-content\/uploads\/2023\/10\/cropped-bga-vert-et-bleu-or-min.webp","width":1919,"height":1080,"caption":"borea green awards"},"image":{"@id":"https:\/\/boreagreenawards.com\/#\/schema\/logo\/image\/"},"sameAs":["https:\/\/www.linkedin.com\/company\/borea-recrutement"]}]}},"_links":{"self":[{"href":"https:\/\/boreagreenawards.com\/index.php\/wp-json\/wp\/v2\/pages\/5464","targetHints":{"allow":["GET"]}}],"collection":[{"href":"https:\/\/boreagreenawards.com\/index.php\/wp-json\/wp\/v2\/pages"}],"about":[{"href":"https:\/\/boreagreenawards.com\/index.php\/wp-json\/wp\/v2\/types\/page"}],"author":[{"embeddable":true,"href":"https:\/\/boreagreenawards.com\/index.php\/wp-json\/wp\/v2\/users\/1"}],"replies":[{"embeddable":true,"href":"https:\/\/boreagreenawards.com\/index.php\/wp-json\/wp\/v2\/comments?post=5464"}],"version-history":[{"count":20,"href":"https:\/\/boreagreenawards.com\/index.php\/wp-json\/wp\/v2\/pages\/5464\/revisions"}],"predecessor-version":[{"id":5606,"href":"https:\/\/boreagreenawards.com\/index.php\/wp-json\/wp\/v2\/pages\/5464\/revisions\/5606"}],"wp:attachment":[{"href":"https:\/\/boreagreenawards.com\/index.php\/wp-json\/wp\/v2\/media?parent=5464"}],"curies":[{"name":"wp","href":"https:\/\/api.w.org\/{rel}","templated":true}]}}